{"id":2821,"date":"2026-03-12T23:30:18","date_gmt":"2026-03-12T22:30:18","guid":{"rendered":"https:\/\/3ivisiongabon.com\/?page_id=2821"},"modified":"2026-03-29T13:32:48","modified_gmt":"2026-03-29T11:32:48","slug":"nos-services-3i","status":"publish","type":"page","link":"https:\/\/3ivisiongabon.com\/?page_id=2821","title":{"rendered":"Nos Services"},"content":{"rendered":"\t\t<div data-elementor-type=\"wp-page\" data-elementor-id=\"2821\" class=\"elementor elementor-2821\">\n\t\t\t\t<div class=\"elementor-element elementor-element-48edd526 e-flex e-con-boxed e-con e-parent\" data-id=\"48edd526\" data-element_type=\"container\" data-e-type=\"container\" data-settings=\"{&quot;background_background&quot;:&quot;classic&quot;}\">\n\t\t\t\t\t<div class=\"e-con-inner\">\n\t\t<div class=\"elementor-element elementor-element-3a338e72 e-con-full e-flex e-con e-child\" data-id=\"3a338e72\" data-element_type=\"container\" data-e-type=\"container\">\n\t\t\t\t<div class=\"elementor-element elementor-element-6ef9c88 elementor-widget elementor-widget-heading\" data-id=\"6ef9c88\" data-element_type=\"widget\" data-e-type=\"widget\" data-widget_type=\"heading.default\">\n\t\t\t\t<div class=\"elementor-widget-container\">\n\t\t\t\t\t<h2 class=\"elementor-heading-title elementor-size-default\">Nos services<\/h2>\t\t\t\t<\/div>\n\t\t\t\t<\/div>\n\t\t\t\t<div class=\"elementor-element elementor-element-2ecc9902 elementor-widget elementor-widget-text-editor\" data-id=\"2ecc9902\" data-element_type=\"widget\" data-e-type=\"widget\" data-widget_type=\"text-editor.default\">\n\t\t\t\t<div class=\"elementor-widget-container\">\n\t\t\t\t\t\t\t\t\t<p>D\u00e9couvrez comment nous vous guiderons vers le succ\u00e8s num\u00e9rique.<\/p>\t\t\t\t\t\t\t\t<\/div>\n\t\t\t\t<\/div>\n\t\t\t\t<\/div>\n\t\t<div class=\"elementor-element elementor-element-83b316f e-con-full animated-slow e-flex elementor-invisible e-con e-child\" data-id=\"83b316f\" data-element_type=\"container\" data-e-type=\"container\" data-settings=\"{&quot;animation&quot;:&quot;fadeInRight&quot;}\">\n\t\t\t\t<div class=\"elementor-element elementor-element-1ba31682 elementor-widget elementor-widget-image\" data-id=\"1ba31682\" data-element_type=\"widget\" data-e-type=\"widget\" data-widget_type=\"image.default\">\n\t\t\t\t<div class=\"elementor-widget-container\">\n\t\t\t\t\t\t\t\t\t\t\t\t\t\t\t<img fetchpriority=\"high\" decoding=\"async\" width=\"1024\" height=\"678\" src=\"https:\/\/3ivisiongabon.com\/wp-content\/uploads\/2026\/03\/Component-16-1-1024x678.png\" class=\"attachment-large size-large wp-image-1896\" alt=\"\" srcset=\"https:\/\/3ivisiongabon.com\/wp-content\/uploads\/2026\/03\/Component-16-1-1024x678.png 1024w, https:\/\/3ivisiongabon.com\/wp-content\/uploads\/2026\/03\/Component-16-1-300x199.png 300w, https:\/\/3ivisiongabon.com\/wp-content\/uploads\/2026\/03\/Component-16-1-768x509.png 768w, https:\/\/3ivisiongabon.com\/wp-content\/uploads\/2026\/03\/Component-16-1-600x398.png 600w, https:\/\/3ivisiongabon.com\/wp-content\/uploads\/2026\/03\/Component-16-1.png 1387w\" sizes=\"(max-width: 1024px) 100vw, 1024px\" \/>\t\t\t\t\t\t\t\t\t\t\t\t\t\t\t<\/div>\n\t\t\t\t<\/div>\n\t\t\t\t<\/div>\n\t\t\t\t\t<\/div>\n\t\t\t\t<\/div>\n\t\t<div class=\"elementor-element elementor-element-1ea5562 e-con-full e-flex e-con e-parent\" data-id=\"1ea5562\" data-element_type=\"container\" data-e-type=\"container\" data-settings=\"{&quot;background_background&quot;:&quot;classic&quot;}\">\n\t\t\t\t<div class=\"elementor-element elementor-element-5c19d896 elementor-widget__width-initial elementor-widget-tablet__width-initial elementor-widget-mobile__width-initial elementor-widget elementor-widget-text-editor\" data-id=\"5c19d896\" data-element_type=\"widget\" data-e-type=\"widget\" data-widget_type=\"text-editor.default\">\n\t\t\t\t<div class=\"elementor-widget-container\">\n\t\t\t\t\t\t\t\t\t<p>3<span style=\"color: red;\">i<\/span>vision, votre partenaire num\u00e9rique.<br \/>Des solutions personnalis\u00e9es pour votre entreprise, toujours \u00e0 la pointe de l&rsquo;innovation. <br \/><strong>Notre priorit\u00e9 : votre satisfaction.<\/strong><\/p>\t\t\t\t\t\t\t\t<\/div>\n\t\t\t\t<\/div>\n\t\t\t\t<div class=\"elementor-element elementor-element-689bc222 elementor-widget-divider--view-line elementor-widget elementor-widget-divider\" data-id=\"689bc222\" data-element_type=\"widget\" data-e-type=\"widget\" data-widget_type=\"divider.default\">\n\t\t\t\t<div class=\"elementor-widget-container\">\n\t\t\t\t\t\t\t<div class=\"elementor-divider\">\n\t\t\t<span class=\"elementor-divider-separator\">\n\t\t\t\t\t\t<\/span>\n\t\t<\/div>\n\t\t\t\t\t\t<\/div>\n\t\t\t\t<\/div>\n\t\t\t\t<\/div>\n\t\t<div class=\"elementor-element elementor-element-16f53196 e-con-full e-flex e-con e-parent\" data-id=\"16f53196\" data-element_type=\"container\" data-e-type=\"container\" data-settings=\"{&quot;background_background&quot;:&quot;classic&quot;}\">\n\t\t<div class=\"elementor-element elementor-element-35966e3a e-con-full e-flex e-con e-child\" data-id=\"35966e3a\" data-element_type=\"container\" data-e-type=\"container\" data-settings=\"{&quot;background_background&quot;:&quot;classic&quot;}\">\n\t\t\t\t<div class=\"elementor-element elementor-element-3280e930 elementor-position-top elementor-widget elementor-widget-image-box\" data-id=\"3280e930\" data-element_type=\"widget\" data-e-type=\"widget\" data-widget_type=\"image-box.default\">\n\t\t\t\t<div class=\"elementor-widget-container\">\n\t\t\t\t\t<div class=\"elementor-image-box-wrapper\"><figure class=\"elementor-image-box-img\"><img decoding=\"async\" width=\"800\" height=\"800\" src=\"https:\/\/3ivisiongabon.com\/wp-content\/uploads\/2026\/02\/Component-9.png\" class=\"attachment-full size-full wp-image-1553\" alt=\"\" srcset=\"https:\/\/3ivisiongabon.com\/wp-content\/uploads\/2026\/02\/Component-9.png 800w, https:\/\/3ivisiongabon.com\/wp-content\/uploads\/2026\/02\/Component-9-300x300.png 300w, https:\/\/3ivisiongabon.com\/wp-content\/uploads\/2026\/02\/Component-9-150x150.png 150w, https:\/\/3ivisiongabon.com\/wp-content\/uploads\/2026\/02\/Component-9-768x768.png 768w, https:\/\/3ivisiongabon.com\/wp-content\/uploads\/2026\/02\/Component-9-600x600.png 600w, https:\/\/3ivisiongabon.com\/wp-content\/uploads\/2026\/02\/Component-9-100x100.png 100w\" sizes=\"(max-width: 800px) 100vw, 800px\" \/><\/figure><div class=\"elementor-image-box-content\"><h3 class=\"elementor-image-box-title\">Maintenances pr\u00e9ventive &amp; curative<\/h3><p class=\"elementor-image-box-description\">Nous assurons la performance, la s\u00e9curit\u00e9 et la continuit\u00e9 de votre syst\u00e8me informatique.<\/p><\/div><\/div>\t\t\t\t<\/div>\n\t\t\t\t<\/div>\n\t\t\t\t<div class=\"elementor-element elementor-element-79dae475 elementor-align-center animated-slow elementor-invisible elementor-widget elementor-widget-button\" data-id=\"79dae475\" data-element_type=\"widget\" data-e-type=\"widget\" data-settings=\"{&quot;_animation&quot;:&quot;slideInLeft&quot;}\" data-widget_type=\"button.default\">\n\t\t\t\t<div class=\"elementor-widget-container\">\n\t\t\t\t\t\t\t\t\t<div class=\"elementor-button-wrapper\">\n\t\t\t\t\t<a class=\"elementor-button elementor-button-link elementor-size-xs elementor-animation-shrink\" href=\"https:\/\/3ivisiongabon.com\/?page_id=2839\">\n\t\t\t\t\t\t<span class=\"elementor-button-content-wrapper\">\n\t\t\t\t\t\t<span class=\"elementor-button-icon\">\n\t\t\t\t<svg aria-hidden=\"true\" class=\"e-font-icon-svg e-far-arrow-alt-circle-right\" viewBox=\"0 0 512 512\" xmlns=\"http:\/\/www.w3.org\/2000\/svg\"><path d=\"M504 256C504 119 393 8 256 8S8 119 8 256s111 248 248 248 248-111 248-248zm-448 0c0-110.5 89.5-200 200-200s200 89.5 200 200-89.5 200-200 200S56 366.5 56 256zm72 20v-40c0-6.6 5.4-12 12-12h116v-67c0-10.7 12.9-16 20.5-8.5l99 99c4.7 4.7 4.7 12.3 0 17l-99 99c-7.6 7.6-20.5 2.2-20.5-8.5v-67H140c-6.6 0-12-5.4-12-12z\"><\/path><\/svg>\t\t\t<\/span>\n\t\t\t\t\t\t\t\t\t<span class=\"elementor-button-text\">En savoir plus<\/span>\n\t\t\t\t\t<\/span>\n\t\t\t\t\t<\/a>\n\t\t\t\t<\/div>\n\t\t\t\t\t\t\t\t<\/div>\n\t\t\t\t<\/div>\n\t\t\t\t<\/div>\n\t\t<div class=\"elementor-element elementor-element-533e7c8 e-con-full e-flex e-con e-child\" data-id=\"533e7c8\" data-element_type=\"container\" data-e-type=\"container\" data-settings=\"{&quot;background_background&quot;:&quot;classic&quot;}\">\n\t\t\t\t<div class=\"elementor-element elementor-element-0266589 elementor-position-top elementor-widget elementor-widget-image-box\" data-id=\"0266589\" data-element_type=\"widget\" data-e-type=\"widget\" data-widget_type=\"image-box.default\">\n\t\t\t\t<div class=\"elementor-widget-container\">\n\t\t\t\t\t<div class=\"elementor-image-box-wrapper\"><figure class=\"elementor-image-box-img\"><img decoding=\"async\" width=\"800\" height=\"800\" src=\"https:\/\/3ivisiongabon.com\/wp-content\/uploads\/2026\/02\/desktop-tower-svgrepo-com-1.png\" class=\"attachment-full size-full wp-image-1561\" alt=\"\" srcset=\"https:\/\/3ivisiongabon.com\/wp-content\/uploads\/2026\/02\/desktop-tower-svgrepo-com-1.png 800w, https:\/\/3ivisiongabon.com\/wp-content\/uploads\/2026\/02\/desktop-tower-svgrepo-com-1-300x300.png 300w, https:\/\/3ivisiongabon.com\/wp-content\/uploads\/2026\/02\/desktop-tower-svgrepo-com-1-150x150.png 150w, https:\/\/3ivisiongabon.com\/wp-content\/uploads\/2026\/02\/desktop-tower-svgrepo-com-1-768x768.png 768w, https:\/\/3ivisiongabon.com\/wp-content\/uploads\/2026\/02\/desktop-tower-svgrepo-com-1-600x600.png 600w, https:\/\/3ivisiongabon.com\/wp-content\/uploads\/2026\/02\/desktop-tower-svgrepo-com-1-100x100.png 100w\" sizes=\"(max-width: 800px) 100vw, 800px\" \/><\/figure><div class=\"elementor-image-box-content\"><h3 class=\"elementor-image-box-title\">Fourniture de Mat\u00e9riel et Application<\/h3><p class=\"elementor-image-box-description\">Nous fournissons des \u00e9quipements et solutions logicielles adapt\u00e9s \u00e0 vos besoins.<\/p><\/div><\/div>\t\t\t\t<\/div>\n\t\t\t\t<\/div>\n\t\t\t\t<div class=\"elementor-element elementor-element-3a67f0e elementor-align-center animated-slow elementor-invisible elementor-widget elementor-widget-button\" data-id=\"3a67f0e\" data-element_type=\"widget\" data-e-type=\"widget\" data-settings=\"{&quot;_animation&quot;:&quot;slideInUp&quot;}\" data-widget_type=\"button.default\">\n\t\t\t\t<div class=\"elementor-widget-container\">\n\t\t\t\t\t\t\t\t\t<div class=\"elementor-button-wrapper\">\n\t\t\t\t\t<a class=\"elementor-button elementor-button-link elementor-size-xs elementor-animation-shrink\" href=\"https:\/\/3ivisiongabon.com\/?page_id=2854\">\n\t\t\t\t\t\t<span class=\"elementor-button-content-wrapper\">\n\t\t\t\t\t\t<span class=\"elementor-button-icon\">\n\t\t\t\t<svg aria-hidden=\"true\" class=\"e-font-icon-svg e-far-arrow-alt-circle-right\" viewBox=\"0 0 512 512\" xmlns=\"http:\/\/www.w3.org\/2000\/svg\"><path d=\"M504 256C504 119 393 8 256 8S8 119 8 256s111 248 248 248 248-111 248-248zm-448 0c0-110.5 89.5-200 200-200s200 89.5 200 200-89.5 200-200 200S56 366.5 56 256zm72 20v-40c0-6.6 5.4-12 12-12h116v-67c0-10.7 12.9-16 20.5-8.5l99 99c4.7 4.7 4.7 12.3 0 17l-99 99c-7.6 7.6-20.5 2.2-20.5-8.5v-67H140c-6.6 0-12-5.4-12-12z\"><\/path><\/svg>\t\t\t<\/span>\n\t\t\t\t\t\t\t\t\t<span class=\"elementor-button-text\">En savoir plus<\/span>\n\t\t\t\t\t<\/span>\n\t\t\t\t\t<\/a>\n\t\t\t\t<\/div>\n\t\t\t\t\t\t\t\t<\/div>\n\t\t\t\t<\/div>\n\t\t\t\t<\/div>\n\t\t<div class=\"elementor-element elementor-element-a376820 e-con-full e-flex e-con e-child\" data-id=\"a376820\" data-element_type=\"container\" data-e-type=\"container\" data-settings=\"{&quot;background_background&quot;:&quot;classic&quot;}\">\n\t\t\t\t<div class=\"elementor-element elementor-element-aab6793 elementor-position-top elementor-widget elementor-widget-image-box\" data-id=\"aab6793\" data-element_type=\"widget\" data-e-type=\"widget\" data-widget_type=\"image-box.default\">\n\t\t\t\t<div class=\"elementor-widget-container\">\n\t\t\t\t\t<div class=\"elementor-image-box-wrapper\"><figure class=\"elementor-image-box-img\"><img loading=\"lazy\" decoding=\"async\" width=\"800\" height=\"800\" src=\"https:\/\/3ivisiongabon.com\/wp-content\/uploads\/2026\/02\/pc-user-svgrepo-com-1-1.png\" class=\"attachment-full size-full wp-image-1562\" alt=\"\" srcset=\"https:\/\/3ivisiongabon.com\/wp-content\/uploads\/2026\/02\/pc-user-svgrepo-com-1-1.png 800w, https:\/\/3ivisiongabon.com\/wp-content\/uploads\/2026\/02\/pc-user-svgrepo-com-1-1-300x300.png 300w, https:\/\/3ivisiongabon.com\/wp-content\/uploads\/2026\/02\/pc-user-svgrepo-com-1-1-150x150.png 150w, https:\/\/3ivisiongabon.com\/wp-content\/uploads\/2026\/02\/pc-user-svgrepo-com-1-1-768x768.png 768w, https:\/\/3ivisiongabon.com\/wp-content\/uploads\/2026\/02\/pc-user-svgrepo-com-1-1-600x600.png 600w, https:\/\/3ivisiongabon.com\/wp-content\/uploads\/2026\/02\/pc-user-svgrepo-com-1-1-100x100.png 100w\" sizes=\"(max-width: 800px) 100vw, 800px\" \/><\/figure><div class=\"elementor-image-box-content\"><h3 class=\"elementor-image-box-title\">Formation en logiciel m\u00e9tier<\/h3><p class=\"elementor-image-box-description\">Nous formons vos \u00e9quipes \u00e0 l\u2019utilisation optimale de vos logiciels professionnels.<\/p><\/div><\/div>\t\t\t\t<\/div>\n\t\t\t\t<\/div>\n\t\t\t\t<div class=\"elementor-element elementor-element-5754556 elementor-align-center animated-slow elementor-invisible elementor-widget elementor-widget-button\" data-id=\"5754556\" data-element_type=\"widget\" data-e-type=\"widget\" data-settings=\"{&quot;_animation&quot;:&quot;slideInRight&quot;}\" data-widget_type=\"button.default\">\n\t\t\t\t<div class=\"elementor-widget-container\">\n\t\t\t\t\t\t\t\t\t<div class=\"elementor-button-wrapper\">\n\t\t\t\t\t<a class=\"elementor-button elementor-button-link elementor-size-xs elementor-animation-shrink\" href=\"https:\/\/3ivisiongabon.com\/?page_id=2849\">\n\t\t\t\t\t\t<span class=\"elementor-button-content-wrapper\">\n\t\t\t\t\t\t<span class=\"elementor-button-icon\">\n\t\t\t\t<svg aria-hidden=\"true\" class=\"e-font-icon-svg e-far-arrow-alt-circle-right\" viewBox=\"0 0 512 512\" xmlns=\"http:\/\/www.w3.org\/2000\/svg\"><path d=\"M504 256C504 119 393 8 256 8S8 119 8 256s111 248 248 248 248-111 248-248zm-448 0c0-110.5 89.5-200 200-200s200 89.5 200 200-89.5 200-200 200S56 366.5 56 256zm72 20v-40c0-6.6 5.4-12 12-12h116v-67c0-10.7 12.9-16 20.5-8.5l99 99c4.7 4.7 4.7 12.3 0 17l-99 99c-7.6 7.6-20.5 2.2-20.5-8.5v-67H140c-6.6 0-12-5.4-12-12z\"><\/path><\/svg>\t\t\t<\/span>\n\t\t\t\t\t\t\t\t\t<span class=\"elementor-button-text\">En savoir plus<\/span>\n\t\t\t\t\t<\/span>\n\t\t\t\t\t<\/a>\n\t\t\t\t<\/div>\n\t\t\t\t\t\t\t\t<\/div>\n\t\t\t\t<\/div>\n\t\t\t\t<\/div>\n\t\t\t\t<\/div>\n\t\t<div class=\"elementor-element elementor-element-657951a5 e-con-full e-flex e-con e-parent\" data-id=\"657951a5\" data-element_type=\"container\" data-e-type=\"container\" data-settings=\"{&quot;background_background&quot;:&quot;classic&quot;}\">\n\t\t<div class=\"elementor-element elementor-element-24d93d36 e-con-full e-flex e-con e-child\" data-id=\"24d93d36\" data-element_type=\"container\" data-e-type=\"container\">\n\t\t\t\t<div class=\"elementor-element elementor-element-24295613 elementor-widget elementor-widget-text-editor\" data-id=\"24295613\" data-element_type=\"widget\" data-e-type=\"widget\" data-widget_type=\"text-editor.default\">\n\t\t\t\t<div class=\"elementor-widget-container\">\n\t\t\t\t\t\t\t\t\t<p>Notre objectif principal est de vous satisfaire, en vous offrant une exp\u00e9rience client exceptionnelle.<\/p>\t\t\t\t\t\t\t\t<\/div>\n\t\t\t\t<\/div>\n\t\t\t\t<\/div>\n\t\t\t\t<\/div>\n\t\t<div class=\"elementor-element elementor-element-5a028a5e e-con-full e-flex e-con e-parent\" data-id=\"5a028a5e\" data-element_type=\"container\" data-e-type=\"container\" data-settings=\"{&quot;background_background&quot;:&quot;classic&quot;}\">\n\t\t\t\t<div class=\"elementor-element elementor-element-35076188 elementor-align-center animated-slow elementor-invisible elementor-widget elementor-widget-button\" data-id=\"35076188\" data-element_type=\"widget\" data-e-type=\"widget\" data-settings=\"{&quot;_animation&quot;:&quot;fadeInUp&quot;}\" data-widget_type=\"button.default\">\n\t\t\t\t<div class=\"elementor-widget-container\">\n\t\t\t\t\t\t\t\t\t<div class=\"elementor-button-wrapper\">\n\t\t\t\t\t<a class=\"elementor-button elementor-button-link elementor-size-sm elementor-animation-pulse\" href=\"https:\/\/3ivisiongabon.com\/?page_id=2831\">\n\t\t\t\t\t\t<span class=\"elementor-button-content-wrapper\">\n\t\t\t\t\t\t\t\t\t<span class=\"elementor-button-text\">\u00c9CRIVEZ-NOUS<\/span>\n\t\t\t\t\t<\/span>\n\t\t\t\t\t<\/a>\n\t\t\t\t<\/div>\n\t\t\t\t\t\t\t\t<\/div>\n\t\t\t\t<\/div>\n\t\t\t\t<\/div>\n\t\t<div class=\"elementor-element elementor-element-88387e6 e-con-full e-flex e-con e-parent\" data-id=\"88387e6\" data-element_type=\"container\" data-e-type=\"container\" data-settings=\"{&quot;background_background&quot;:&quot;classic&quot;}\">\n\t\t\t\t<div class=\"elementor-element elementor-element-9d3a62e elementor-widget elementor-widget-image\" data-id=\"9d3a62e\" data-element_type=\"widget\" data-e-type=\"widget\" data-widget_type=\"image.default\">\n\t\t\t\t<div class=\"elementor-widget-container\">\n\t\t\t\t\t\t\t\t\t\t\t\t\t\t\t<img loading=\"lazy\" decoding=\"async\" width=\"1024\" height=\"146\" src=\"https:\/\/3ivisiongabon.com\/wp-content\/uploads\/2026\/03\/20-de-reduction-1-1024x146.png\" class=\"attachment-large size-large wp-image-3248\" alt=\"\" srcset=\"https:\/\/3ivisiongabon.com\/wp-content\/uploads\/2026\/03\/20-de-reduction-1-1024x146.png 1024w, https:\/\/3ivisiongabon.com\/wp-content\/uploads\/2026\/03\/20-de-reduction-1-300x43.png 300w, https:\/\/3ivisiongabon.com\/wp-content\/uploads\/2026\/03\/20-de-reduction-1-768x110.png 768w, https:\/\/3ivisiongabon.com\/wp-content\/uploads\/2026\/03\/20-de-reduction-1-1320x189.png 1320w, https:\/\/3ivisiongabon.com\/wp-content\/uploads\/2026\/03\/20-de-reduction-1-600x86.png 600w, https:\/\/3ivisiongabon.com\/wp-content\/uploads\/2026\/03\/20-de-reduction-1.png 1400w\" sizes=\"(max-width: 1024px) 100vw, 1024px\" \/>\t\t\t\t\t\t\t\t\t\t\t\t\t\t\t<\/div>\n\t\t\t\t<\/div>\n\t\t\t\t<\/div>\n\t\t\t\t<\/div>\n\t\t","protected":false},"excerpt":{"rendered":"<p>Nos services D\u00e9couvrez comment nous vous guiderons vers le succ\u00e8s num\u00e9rique. 3ivision, votre partenaire num\u00e9rique.Des solutions personnalis\u00e9es pour votre entreprise, toujours \u00e0 la pointe de l&rsquo;innovation. Notre priorit\u00e9 : votre satisfaction. Maintenances pr\u00e9ventive &amp; curative Nous assurons la performance, la s\u00e9curit\u00e9 et la continuit\u00e9 de votre syst\u00e8me informatique. En savoir plus Fourniture de Mat\u00e9riel et [&hellip;]<\/p>\n","protected":false},"author":1,"featured_media":0,"parent":0,"menu_order":0,"comment_status":"closed","ping_status":"closed","template":"","meta":{"_monsterinsights_skip_tracking":false,"_monsterinsights_sitenote_active":false,"_monsterinsights_sitenote_note":"","_monsterinsights_sitenote_category":0,"site-sidebar-layout":"no-sidebar","site-content-layout":"page-builder","ast-site-content-layout":"full-width-container","site-content-style":"default","site-sidebar-style":"default","ast-global-header-display":"","ast-banner-title-visibility":"","ast-main-header-display":"","ast-hfb-above-header-display":"","ast-hfb-below-header-display":"","ast-hfb-mobile-header-display":"","site-post-title":"disabled","ast-breadcrumbs-content":"","ast-featured-img":"disabled","footer-sml-layout":"","ast-disable-related-posts":"","theme-transparent-header-meta":"","adv-header-id-meta":"","stick-header-meta":"","header-above-stick-meta":"","header-main-stick-meta":"","header-below-stick-meta":"","astra-migrate-meta-layouts":"default","ast-page-background-enabled":"default","ast-page-background-meta":{"desktop":{"background-color":"","background-image":"","background-repeat":"repeat","background-position":"center center","background-size":"auto","background-attachment":"scroll","background-type":"","background-media":"","overlay-type":"","overlay-color":"","overlay-opacity":"","overlay-gradient":""},"tablet":{"background-color":"","background-image":"","background-repeat":"repeat","background-position":"center center","background-size":"auto","background-attachment":"scroll","background-type":"","background-media":"","overlay-type":"","overlay-color":"","overlay-opacity":"","overlay-gradient":""},"mobile":{"background-color":"","background-image":"","background-repeat":"repeat","background-position":"center center","background-size":"auto","background-attachment":"scroll","background-type":"","background-media":"","overlay-type":"","overlay-color":"","overlay-opacity":"","overlay-gradient":""}},"ast-content-background-meta":{"desktop":{"background-color":"var(--ast-global-color-5)","background-image":"","background-repeat":"repeat","background-position":"center center","background-size":"auto","background-attachment":"scroll","background-type":"","background-media":"","overlay-type":"","overlay-color":"","overlay-opacity":"","overlay-gradient":""},"tablet":{"background-color":"var(--ast-global-color-5)","background-image":"","background-repeat":"repeat","background-position":"center center","background-size":"auto","background-attachment":"scroll","background-type":"","background-media":"","overlay-type":"","overlay-color":"","overlay-opacity":"","overlay-gradient":""},"mobile":{"background-color":"var(--ast-global-color-5)","background-image":"","background-repeat":"repeat","background-position":"center center","background-size":"auto","background-attachment":"scroll","background-type":"","background-media":"","overlay-type":"","overlay-color":"","overlay-opacity":"","overlay-gradient":""}},"footnotes":""},"class_list":["post-2821","page","type-page","status-publish","hentry"],"jetpack_sharing_enabled":true,"_links":{"self":[{"href":"https:\/\/3ivisiongabon.com\/index.php?rest_route=\/wp\/v2\/pages\/2821","targetHints":{"allow":["GET"]}}],"collection":[{"href":"https:\/\/3ivisiongabon.com\/index.php?rest_route=\/wp\/v2\/pages"}],"about":[{"href":"https:\/\/3ivisiongabon.com\/index.php?rest_route=\/wp\/v2\/types\/page"}],"author":[{"embeddable":true,"href":"https:\/\/3ivisiongabon.com\/index.php?rest_route=\/wp\/v2\/users\/1"}],"replies":[{"embeddable":true,"href":"https:\/\/3ivisiongabon.com\/index.php?rest_route=%2Fwp%2Fv2%2Fcomments&post=2821"}],"version-history":[{"count":34,"href":"https:\/\/3ivisiongabon.com\/index.php?rest_route=\/wp\/v2\/pages\/2821\/revisions"}],"predecessor-version":[{"id":3774,"href":"https:\/\/3ivisiongabon.com\/index.php?rest_route=\/wp\/v2\/pages\/2821\/revisions\/3774"}],"wp:attachment":[{"href":"https:\/\/3ivisiongabon.com\/index.php?rest_route=%2Fwp%2Fv2%2Fmedia&parent=2821"}],"curies":[{"name":"wp","href":"https:\/\/api.w.org\/{rel}","templated":true}]}}