{"id":2839,"date":"2026-03-12T23:36:13","date_gmt":"2026-03-12T22:36:13","guid":{"rendered":"https:\/\/3ivisiongabon.com\/?page_id=2839"},"modified":"2026-03-29T14:20:29","modified_gmt":"2026-03-29T12:20:29","slug":"maintenances-preventive-et-curative-3i","status":"publish","type":"page","link":"https:\/\/3ivisiongabon.com\/?page_id=2839","title":{"rendered":"Maintenances pr\u00e9ventive et curative"},"content":{"rendered":"\t\t<div data-elementor-type=\"wp-page\" data-elementor-id=\"2839\" class=\"elementor elementor-2839\">\n\t\t\t\t<div class=\"elementor-element elementor-element-1684745c e-con-full e-flex e-con e-parent\" data-id=\"1684745c\" data-element_type=\"container\" data-e-type=\"container\" data-settings=\"{&quot;background_background&quot;:&quot;classic&quot;}\">\n\t\t<div class=\"elementor-element elementor-element-5ad2e1cc e-con-full e-flex e-con e-child\" data-id=\"5ad2e1cc\" data-element_type=\"container\" data-e-type=\"container\" data-settings=\"{&quot;background_background&quot;:&quot;classic&quot;}\">\n\t\t\t\t<div class=\"elementor-element elementor-element-30356c7a elementor-widget elementor-widget-heading\" data-id=\"30356c7a\" data-element_type=\"widget\" data-e-type=\"widget\" data-widget_type=\"heading.default\">\n\t\t\t\t<div class=\"elementor-widget-container\">\n\t\t\t\t\t<h2 class=\"elementor-heading-title elementor-size-default\">Maintenances pr\u00e9ventive &amp; curative<\/h2>\t\t\t\t<\/div>\n\t\t\t\t<\/div>\n\t\t\t\t<\/div>\n\t\t<div class=\"elementor-element elementor-element-2f04184e e-con-full e-flex e-con e-child\" data-id=\"2f04184e\" data-element_type=\"container\" data-e-type=\"container\">\n\t\t\t\t<div class=\"elementor-element elementor-element-63ba8de8 animated-slow elementor-invisible elementor-widget elementor-widget-image\" data-id=\"63ba8de8\" data-element_type=\"widget\" data-e-type=\"widget\" data-settings=\"{&quot;_animation&quot;:&quot;fadeInRight&quot;}\" data-widget_type=\"image.default\">\n\t\t\t\t<div class=\"elementor-widget-container\">\n\t\t\t\t\t\t\t\t\t\t\t\t\t\t\t<img fetchpriority=\"high\" decoding=\"async\" width=\"654\" height=\"350\" src=\"https:\/\/3ivisiongabon.com\/wp-content\/uploads\/2026\/03\/Component-21.png\" class=\"attachment-large size-large wp-image-2140\" alt=\"\" srcset=\"https:\/\/3ivisiongabon.com\/wp-content\/uploads\/2026\/03\/Component-21.png 654w, https:\/\/3ivisiongabon.com\/wp-content\/uploads\/2026\/03\/Component-21-300x161.png 300w, https:\/\/3ivisiongabon.com\/wp-content\/uploads\/2026\/03\/Component-21-600x321.png 600w\" sizes=\"(max-width: 654px) 100vw, 654px\" \/>\t\t\t\t\t\t\t\t\t\t\t\t\t\t\t<\/div>\n\t\t\t\t<\/div>\n\t\t\t\t<\/div>\n\t\t\t\t<\/div>\n\t\t<div class=\"elementor-element elementor-element-10f71f38 e-flex e-con-boxed e-con e-parent\" data-id=\"10f71f38\" data-element_type=\"container\" data-e-type=\"container\" data-settings=\"{&quot;background_background&quot;:&quot;classic&quot;}\">\n\t\t\t\t\t<div class=\"e-con-inner\">\n\t\t\t\t<div class=\"elementor-element elementor-element-3dcfd31e animated-slow elementor-invisible elementor-widget elementor-widget-text-editor\" data-id=\"3dcfd31e\" data-element_type=\"widget\" data-e-type=\"widget\" data-settings=\"{&quot;_animation&quot;:&quot;fadeInUp&quot;}\" data-widget_type=\"text-editor.default\">\n\t\t\t\t<div class=\"elementor-widget-container\">\n\t\t\t\t\t\t\t\t\t<p data-start=\"245\" data-end=\"607\"><strong>Pourquoi avez vous besoin D\u2019un partenaire fiable pour s\u2019occuper De votre infrastructure informatique et r\u00e9seaux ?<\/strong><\/p>\t\t\t\t\t\t\t\t<\/div>\n\t\t\t\t<\/div>\n\t\t\t\t<div class=\"elementor-element elementor-element-22eb32d animated-slow elementor-invisible elementor-widget elementor-widget-text-editor\" data-id=\"22eb32d\" data-element_type=\"widget\" data-e-type=\"widget\" data-settings=\"{&quot;_animation&quot;:&quot;fadeInUp&quot;}\" data-widget_type=\"text-editor.default\">\n\t\t\t\t<div class=\"elementor-widget-container\">\n\t\t\t\t\t\t\t\t\t<p data-start=\"245\" data-end=\"607\">Pour pr\u00e9venir des pannes informatiques et r\u00e9seaux impr\u00e9vus, Les probl\u00e8mes informatiques sont souvent tr\u00e8s co\u00fbteux et parfois fatals pour une entreprise. Gr\u00e2ce \u00e0 nos services d\u2019assistance informatiques, vous b\u00e9n\u00e9ficiez d&rsquo;une tranquillit\u00e9 d&rsquo;esprit, afin de vous concentrer sur<br \/>votre domaine d\u2019activit\u00e9.<\/p>\t\t\t\t\t\t\t\t<\/div>\n\t\t\t\t<\/div>\n\t\t\t\t\t<\/div>\n\t\t\t\t<\/div>\n\t\t<div class=\"elementor-element elementor-element-56acc168 e-con-full e-flex e-con e-parent\" data-id=\"56acc168\" data-element_type=\"container\" data-e-type=\"container\" data-settings=\"{&quot;background_background&quot;:&quot;classic&quot;}\">\n\t\t\t\t<div class=\"elementor-element elementor-element-5a9fd373 elementor-widget-divider--view-line elementor-widget elementor-widget-divider\" data-id=\"5a9fd373\" data-element_type=\"widget\" data-e-type=\"widget\" data-widget_type=\"divider.default\">\n\t\t\t\t<div class=\"elementor-widget-container\">\n\t\t\t\t\t\t\t<div class=\"elementor-divider\">\n\t\t\t<span class=\"elementor-divider-separator\">\n\t\t\t\t\t\t<\/span>\n\t\t<\/div>\n\t\t\t\t\t\t<\/div>\n\t\t\t\t<\/div>\n\t\t\t\t<\/div>\n\t\t<div class=\"elementor-element elementor-element-b216b58 e-flex e-con-boxed e-con e-parent\" data-id=\"b216b58\" data-element_type=\"container\" data-e-type=\"container\" data-settings=\"{&quot;background_background&quot;:&quot;classic&quot;}\">\n\t\t\t\t\t<div class=\"e-con-inner\">\n\t\t\t\t<div class=\"elementor-element elementor-element-b2561a7 elementor-widget elementor-widget-image-box\" data-id=\"b2561a7\" data-element_type=\"widget\" data-e-type=\"widget\" data-widget_type=\"image-box.default\">\n\t\t\t\t<div class=\"elementor-widget-container\">\n\t\t\t\t\t<div class=\"elementor-image-box-wrapper\"><div class=\"elementor-image-box-content\"><h3 class=\"elementor-image-box-title\">ASSISTANCE INFORMATIQUE D\u00c9DI\u00c9E 24 H\/24, 7 J\/7<\/h3><p class=\"elementor-image-box-description\">Assistance informatique 24 heures sur 24 pour assurer le bon fonctionnement de votre entreprise.<\/p><\/div><\/div>\t\t\t\t<\/div>\n\t\t\t\t<\/div>\n\t\t\t\t<div class=\"elementor-element elementor-element-15d5d77 elementor-widget elementor-widget-image-box\" data-id=\"15d5d77\" data-element_type=\"widget\" data-e-type=\"widget\" data-widget_type=\"image-box.default\">\n\t\t\t\t<div class=\"elementor-widget-container\">\n\t\t\t\t\t<div class=\"elementor-image-box-wrapper\"><div class=\"elementor-image-box-content\"><h3 class=\"elementor-image-box-title\">ASSISTANCE INFORMATIQUE SUR SITE ET \u00c0 DISTANCE<\/h3><p class=\"elementor-image-box-description\">R\u00e9solution rapide des probl\u00e8mes gr\u00e2ce \u00e0 une assistance informatique \u00e0 distance et sur site.<\/p><\/div><\/div>\t\t\t\t<\/div>\n\t\t\t\t<\/div>\n\t\t\t\t<div class=\"elementor-element elementor-element-313069d elementor-widget elementor-widget-image-box\" data-id=\"313069d\" data-element_type=\"widget\" data-e-type=\"widget\" data-widget_type=\"image-box.default\">\n\t\t\t\t<div class=\"elementor-widget-container\">\n\t\t\t\t\t<div class=\"elementor-image-box-wrapper\"><div class=\"elementor-image-box-content\"><h3 class=\"elementor-image-box-title\">ENTRETIEN PR\u00c9VENTIF MENSUEL<\/h3><p class=\"elementor-image-box-description\">Contr\u00f4les r\u00e9guliers du syst\u00e8me pour pr\u00e9venir les temps d'arr\u00eat et les pannes.<\/p><\/div><\/div>\t\t\t\t<\/div>\n\t\t\t\t<\/div>\n\t\t\t\t\t<\/div>\n\t\t\t\t<\/div>\n\t\t<div class=\"elementor-element elementor-element-8614596 e-con-full e-flex e-con e-parent\" data-id=\"8614596\" data-element_type=\"container\" data-e-type=\"container\" data-settings=\"{&quot;background_background&quot;:&quot;classic&quot;}\">\n\t\t\t\t<div class=\"elementor-element elementor-element-b4fdc33 elementor-widget-divider--view-line elementor-widget elementor-widget-divider\" data-id=\"b4fdc33\" data-element_type=\"widget\" data-e-type=\"widget\" data-widget_type=\"divider.default\">\n\t\t\t\t<div class=\"elementor-widget-container\">\n\t\t\t\t\t\t\t<div class=\"elementor-divider\">\n\t\t\t<span class=\"elementor-divider-separator\">\n\t\t\t\t\t\t<\/span>\n\t\t<\/div>\n\t\t\t\t\t\t<\/div>\n\t\t\t\t<\/div>\n\t\t\t\t<\/div>\n\t\t<div class=\"elementor-element elementor-element-5e967062 e-flex e-con-boxed e-con e-parent\" data-id=\"5e967062\" data-element_type=\"container\" data-e-type=\"container\" data-settings=\"{&quot;background_background&quot;:&quot;classic&quot;}\">\n\t\t\t\t\t<div class=\"e-con-inner\">\n\t\t<div class=\"elementor-element elementor-element-e014b28 e-con-full e-flex e-con e-child\" data-id=\"e014b28\" data-element_type=\"container\" data-e-type=\"container\">\n\t\t\t\t<div class=\"elementor-element elementor-element-7f0ed9cb elementor-widget elementor-widget-heading\" data-id=\"7f0ed9cb\" data-element_type=\"widget\" data-e-type=\"widget\" data-widget_type=\"heading.default\">\n\t\t\t\t<div class=\"elementor-widget-container\">\n\t\t\t\t\t<h2 class=\"elementor-heading-title elementor-size-default\">anticiper les probl\u00e8mes<\/h2>\t\t\t\t<\/div>\n\t\t\t\t<\/div>\n\t\t\t\t<div class=\"elementor-element elementor-element-6880a967 animated-slow elementor-invisible elementor-widget elementor-widget-image\" data-id=\"6880a967\" data-element_type=\"widget\" data-e-type=\"widget\" data-settings=\"{&quot;_animation&quot;:&quot;fadeInLeft&quot;}\" data-widget_type=\"image.default\">\n\t\t\t\t<div class=\"elementor-widget-container\">\n\t\t\t\t\t\t\t\t\t\t\t\t\t\t\t<img decoding=\"async\" width=\"522\" height=\"523\" src=\"https:\/\/3ivisiongabon.com\/wp-content\/uploads\/2026\/03\/Component-22.png\" class=\"attachment-large size-large wp-image-2147\" alt=\"\" srcset=\"https:\/\/3ivisiongabon.com\/wp-content\/uploads\/2026\/03\/Component-22.png 522w, https:\/\/3ivisiongabon.com\/wp-content\/uploads\/2026\/03\/Component-22-300x300.png 300w, https:\/\/3ivisiongabon.com\/wp-content\/uploads\/2026\/03\/Component-22-150x150.png 150w, https:\/\/3ivisiongabon.com\/wp-content\/uploads\/2026\/03\/Component-22-100x100.png 100w\" sizes=\"(max-width: 522px) 100vw, 522px\" \/>\t\t\t\t\t\t\t\t\t\t\t\t\t\t\t<\/div>\n\t\t\t\t<\/div>\n\t\t\t\t<div class=\"elementor-element elementor-element-3eb785c elementor-widget elementor-widget-text-editor\" data-id=\"3eb785c\" data-element_type=\"widget\" data-e-type=\"widget\" data-widget_type=\"text-editor.default\">\n\t\t\t\t<div class=\"elementor-widget-container\">\n\t\t\t\t\t\t\t\t\t<p data-start=\"866\" data-end=\"1103\">La maintenance pr\u00e9ventive consiste \u00e0 <strong data-start=\"903\" data-end=\"957\">anticiper les pannes avant qu\u2019elles ne surviennent<\/strong>. Nos techniciens r\u00e9alisent des contr\u00f4les r\u00e9guliers sur vos \u00e9quipements et infrastructures informatiques afin de garantir leur bon fonctionnement.<\/p><p data-start=\"1105\" data-end=\"1143\">Nos interventions incluent notamment :<\/p><ol><li>V\u00e9rification et optimisation des performances des ordinateurs et des serveurs<\/li><li>Mise \u00e0 jour des syst\u00e8mes d\u2019exploitation et des logiciels<\/li><li>Analyse et suppression des virus et des logiciels malveillants<\/li><li>Nettoyage physique des \u00e9quipements informatiques<\/li><li>V\u00e9rification des sauvegardes et de la s\u00e9curit\u00e9 des donn\u00e9es<\/li><li>Contr\u00f4le de l\u2019\u00e9tat du r\u00e9seau et des p\u00e9riph\u00e9riques<\/li><\/ol><p data-start=\"1514\" data-end=\"1647\">Gr\u00e2ce \u00e0 cette approche proactive, vous <strong data-start=\"1553\" data-end=\"1646\">r\u00e9duisez les risques de panne et prolongez la dur\u00e9e de vie de votre mat\u00e9riel informatique<\/strong>.<\/p>\t\t\t\t\t\t\t\t<\/div>\n\t\t\t\t<\/div>\n\t\t\t\t<\/div>\n\t\t<div class=\"elementor-element elementor-element-49f1b528 e-con-full e-flex e-con e-child\" data-id=\"49f1b528\" data-element_type=\"container\" data-e-type=\"container\" data-settings=\"{&quot;background_background&quot;:&quot;classic&quot;}\">\n\t\t\t\t<div class=\"elementor-element elementor-element-7bb31c68 elementor-widget elementor-widget-heading\" data-id=\"7bb31c68\" data-element_type=\"widget\" data-e-type=\"widget\" data-widget_type=\"heading.default\">\n\t\t\t\t<div class=\"elementor-widget-container\">\n\t\t\t\t\t<h2 class=\"elementor-heading-title elementor-size-default\">une intervention rapide et efficace<\/h2>\t\t\t\t<\/div>\n\t\t\t\t<\/div>\n\t\t\t\t<div class=\"elementor-element elementor-element-421aee54 animated-slow elementor-invisible elementor-widget elementor-widget-image\" data-id=\"421aee54\" data-element_type=\"widget\" data-e-type=\"widget\" data-settings=\"{&quot;_animation&quot;:&quot;fadeInRight&quot;}\" data-widget_type=\"image.default\">\n\t\t\t\t<div class=\"elementor-widget-container\">\n\t\t\t\t\t\t\t\t\t\t\t\t\t\t\t<img decoding=\"async\" width=\"522\" height=\"523\" src=\"https:\/\/3ivisiongabon.com\/wp-content\/uploads\/2026\/03\/Component-22-1.png\" class=\"attachment-large size-large wp-image-2151\" alt=\"\" srcset=\"https:\/\/3ivisiongabon.com\/wp-content\/uploads\/2026\/03\/Component-22-1.png 522w, https:\/\/3ivisiongabon.com\/wp-content\/uploads\/2026\/03\/Component-22-1-300x300.png 300w, https:\/\/3ivisiongabon.com\/wp-content\/uploads\/2026\/03\/Component-22-1-150x150.png 150w, https:\/\/3ivisiongabon.com\/wp-content\/uploads\/2026\/03\/Component-22-1-100x100.png 100w\" sizes=\"(max-width: 522px) 100vw, 522px\" \/>\t\t\t\t\t\t\t\t\t\t\t\t\t\t\t<\/div>\n\t\t\t\t<\/div>\n\t\t\t\t<div class=\"elementor-element elementor-element-144d9fcb elementor-widget elementor-widget-text-editor\" data-id=\"144d9fcb\" data-element_type=\"widget\" data-e-type=\"widget\" data-widget_type=\"text-editor.default\">\n\t\t\t\t<div class=\"elementor-widget-container\">\n\t\t\t\t\t\t\t\t\t<p data-start=\"1717\" data-end=\"1926\">Malgr\u00e9 toutes les pr\u00e9cautions, une panne peut survenir. La <strong data-start=\"1776\" data-end=\"1800\">maintenance curative<\/strong> consiste \u00e0 <strong data-start=\"1812\" data-end=\"1877\">diagnostiquer et r\u00e9soudre rapidement les probl\u00e8mes techniques<\/strong> qui affectent votre infrastructure informatique.<\/p><p data-start=\"1928\" data-end=\"1960\">Nos \u00e9quipes interviennent pour :<\/p><ol><li data-start=\"1964\" data-end=\"2017\">Diagnostiquer les pannes mat\u00e9rielles et logicielles<\/li><li data-start=\"2020\" data-end=\"2069\">R\u00e9parer ou remplacer les \u00e9quipements d\u00e9fectueux<\/li><li data-start=\"2072\" data-end=\"2111\">Restaurer les syst\u00e8mes et les donn\u00e9es<\/li><li data-start=\"2114\" data-end=\"2164\">Corriger les probl\u00e8mes r\u00e9seau et de connectivit\u00e9<\/li><li data-start=\"2167\" data-end=\"2234\">Assurer la remise en service rapide de votre syst\u00e8me informatique<\/li><\/ol><p data-start=\"2236\" data-end=\"2352\">Notre priorit\u00e9 est de <strong data-start=\"2258\" data-end=\"2351\">r\u00e9duire le temps d\u2019arr\u00eat de vos \u00e9quipements et de garantir la continuit\u00e9 de vos activit\u00e9s<\/strong>.<\/p>\t\t\t\t\t\t\t\t<\/div>\n\t\t\t\t<\/div>\n\t\t\t\t<\/div>\n\t\t\t\t\t<\/div>\n\t\t\t\t<\/div>\n\t\t<div class=\"elementor-element elementor-element-7200e69b e-con-full e-flex e-con e-parent\" data-id=\"7200e69b\" data-element_type=\"container\" data-e-type=\"container\" data-settings=\"{&quot;background_background&quot;:&quot;classic&quot;}\">\n\t\t\t\t<div class=\"elementor-element elementor-element-4d903f34 elementor-align-center animated-slow elementor-invisible elementor-widget elementor-widget-button\" data-id=\"4d903f34\" data-element_type=\"widget\" data-e-type=\"widget\" data-settings=\"{&quot;_animation&quot;:&quot;fadeInUp&quot;}\" data-widget_type=\"button.default\">\n\t\t\t\t<div class=\"elementor-widget-container\">\n\t\t\t\t\t\t\t\t\t<div class=\"elementor-button-wrapper\">\n\t\t\t\t\t<a class=\"elementor-button elementor-button-link elementor-size-sm elementor-animation-pulse\" href=\"https:\/\/3ivisiongabon.com\/?page_id=2831\">\n\t\t\t\t\t\t<span class=\"elementor-button-content-wrapper\">\n\t\t\t\t\t\t\t\t\t<span class=\"elementor-button-text\">\u00c9CRIVEZ-NOUS<\/span>\n\t\t\t\t\t<\/span>\n\t\t\t\t\t<\/a>\n\t\t\t\t<\/div>\n\t\t\t\t\t\t\t\t<\/div>\n\t\t\t\t<\/div>\n\t\t\t\t<\/div>\n\t\t<div class=\"elementor-element elementor-element-ee6ef0c e-con-full e-flex e-con e-parent\" data-id=\"ee6ef0c\" data-element_type=\"container\" data-e-type=\"container\" data-settings=\"{&quot;background_background&quot;:&quot;classic&quot;}\">\n\t\t\t\t<div class=\"elementor-element elementor-element-95e52fa elementor-widget elementor-widget-image\" data-id=\"95e52fa\" data-element_type=\"widget\" data-e-type=\"widget\" data-widget_type=\"image.default\">\n\t\t\t\t<div class=\"elementor-widget-container\">\n\t\t\t\t\t\t\t\t\t\t\t\t\t\t\t<img loading=\"lazy\" decoding=\"async\" width=\"1024\" height=\"146\" src=\"https:\/\/3ivisiongabon.com\/wp-content\/uploads\/2026\/03\/20-de-reduction-1-1024x146.png\" class=\"attachment-large size-large wp-image-3248\" alt=\"\" srcset=\"https:\/\/3ivisiongabon.com\/wp-content\/uploads\/2026\/03\/20-de-reduction-1-1024x146.png 1024w, https:\/\/3ivisiongabon.com\/wp-content\/uploads\/2026\/03\/20-de-reduction-1-300x43.png 300w, https:\/\/3ivisiongabon.com\/wp-content\/uploads\/2026\/03\/20-de-reduction-1-768x110.png 768w, https:\/\/3ivisiongabon.com\/wp-content\/uploads\/2026\/03\/20-de-reduction-1-1320x189.png 1320w, https:\/\/3ivisiongabon.com\/wp-content\/uploads\/2026\/03\/20-de-reduction-1-600x86.png 600w, https:\/\/3ivisiongabon.com\/wp-content\/uploads\/2026\/03\/20-de-reduction-1.png 1400w\" sizes=\"(max-width: 1024px) 100vw, 1024px\" \/>\t\t\t\t\t\t\t\t\t\t\t\t\t\t\t<\/div>\n\t\t\t\t<\/div>\n\t\t\t\t<\/div>\n\t\t\t\t<\/div>\n\t\t","protected":false},"excerpt":{"rendered":"<p>Maintenances pr\u00e9ventive &amp; curative Pourquoi avez vous besoin D\u2019un partenaire fiable pour s\u2019occuper De votre infrastructure informatique et r\u00e9seaux ? Pour pr\u00e9venir des pannes informatiques et r\u00e9seaux impr\u00e9vus, Les probl\u00e8mes informatiques sont souvent tr\u00e8s co\u00fbteux et parfois fatals pour une entreprise. Gr\u00e2ce \u00e0 nos services d\u2019assistance informatiques, vous b\u00e9n\u00e9ficiez d&rsquo;une tranquillit\u00e9 d&rsquo;esprit, afin de vous [&hellip;]<\/p>\n","protected":false},"author":1,"featured_media":0,"parent":0,"menu_order":0,"comment_status":"closed","ping_status":"closed","template":"","meta":{"_monsterinsights_skip_tracking":false,"_monsterinsights_sitenote_active":false,"_monsterinsights_sitenote_note":"","_monsterinsights_sitenote_category":0,"site-sidebar-layout":"no-sidebar","site-content-layout":"page-builder","ast-site-content-layout":"full-width-container","site-content-style":"default","site-sidebar-style":"default","ast-global-header-display":"","ast-banner-title-visibility":"","ast-main-header-display":"","ast-hfb-above-header-display":"","ast-hfb-below-header-display":"","ast-hfb-mobile-header-display":"","site-post-title":"disabled","ast-breadcrumbs-content":"","ast-featured-img":"disabled","footer-sml-layout":"","ast-disable-related-posts":"","theme-transparent-header-meta":"","adv-header-id-meta":"","stick-header-meta":"","header-above-stick-meta":"","header-main-stick-meta":"","header-below-stick-meta":"","astra-migrate-meta-layouts":"default","ast-page-background-enabled":"default","ast-page-background-meta":{"desktop":{"background-color":"","background-image":"","background-repeat":"repeat","background-position":"center center","background-size":"auto","background-attachment":"scroll","background-type":"","background-media":"","overlay-type":"","overlay-color":"","overlay-opacity":"","overlay-gradient":""},"tablet":{"background-color":"","background-image":"","background-repeat":"repeat","background-position":"center center","background-size":"auto","background-attachment":"scroll","background-type":"","background-media":"","overlay-type":"","overlay-color":"","overlay-opacity":"","overlay-gradient":""},"mobile":{"background-color":"","background-image":"","background-repeat":"repeat","background-position":"center center","background-size":"auto","background-attachment":"scroll","background-type":"","background-media":"","overlay-type":"","overlay-color":"","overlay-opacity":"","overlay-gradient":""}},"ast-content-background-meta":{"desktop":{"background-color":"var(--ast-global-color-5)","background-image":"","background-repeat":"repeat","background-position":"center center","background-size":"auto","background-attachment":"scroll","background-type":"","background-media":"","overlay-type":"","overlay-color":"","overlay-opacity":"","overlay-gradient":""},"tablet":{"background-color":"var(--ast-global-color-5)","background-image":"","background-repeat":"repeat","background-position":"center center","background-size":"auto","background-attachment":"scroll","background-type":"","background-media":"","overlay-type":"","overlay-color":"","overlay-opacity":"","overlay-gradient":""},"mobile":{"background-color":"var(--ast-global-color-5)","background-image":"","background-repeat":"repeat","background-position":"center center","background-size":"auto","background-attachment":"scroll","background-type":"","background-media":"","overlay-type":"","overlay-color":"","overlay-opacity":"","overlay-gradient":""}},"footnotes":""},"class_list":["post-2839","page","type-page","status-publish","hentry"],"jetpack_sharing_enabled":true,"_links":{"self":[{"href":"https:\/\/3ivisiongabon.com\/index.php?rest_route=\/wp\/v2\/pages\/2839","targetHints":{"allow":["GET"]}}],"collection":[{"href":"https:\/\/3ivisiongabon.com\/index.php?rest_route=\/wp\/v2\/pages"}],"about":[{"href":"https:\/\/3ivisiongabon.com\/index.php?rest_route=\/wp\/v2\/types\/page"}],"author":[{"embeddable":true,"href":"https:\/\/3ivisiongabon.com\/index.php?rest_route=\/wp\/v2\/users\/1"}],"replies":[{"embeddable":true,"href":"https:\/\/3ivisiongabon.com\/index.php?rest_route=%2Fwp%2Fv2%2Fcomments&post=2839"}],"version-history":[{"count":25,"href":"https:\/\/3ivisiongabon.com\/index.php?rest_route=\/wp\/v2\/pages\/2839\/revisions"}],"predecessor-version":[{"id":3788,"href":"https:\/\/3ivisiongabon.com\/index.php?rest_route=\/wp\/v2\/pages\/2839\/revisions\/3788"}],"wp:attachment":[{"href":"https:\/\/3ivisiongabon.com\/index.php?rest_route=%2Fwp%2Fv2%2Fmedia&parent=2839"}],"curies":[{"name":"wp","href":"https:\/\/api.w.org\/{rel}","templated":true}]}}