{"id":2849,"date":"2026-03-12T23:38:56","date_gmt":"2026-03-12T22:38:56","guid":{"rendered":"https:\/\/3ivisiongabon.com\/?page_id=2849"},"modified":"2026-03-29T14:33:23","modified_gmt":"2026-03-29T12:33:23","slug":"formation-en-logiciel-metier-3i","status":"publish","type":"page","link":"https:\/\/3ivisiongabon.com\/?page_id=2849","title":{"rendered":"Formation en logiciel m\u00e9tier"},"content":{"rendered":"\t\t<div data-elementor-type=\"wp-page\" data-elementor-id=\"2849\" class=\"elementor elementor-2849\">\n\t\t\t\t<div class=\"elementor-element elementor-element-2d185b2c e-con-full e-flex e-con e-parent\" data-id=\"2d185b2c\" data-element_type=\"container\" data-e-type=\"container\" data-settings=\"{&quot;background_background&quot;:&quot;classic&quot;}\">\n\t\t<div class=\"elementor-element elementor-element-750ace6d e-con-full e-flex e-con e-child\" data-id=\"750ace6d\" data-element_type=\"container\" data-e-type=\"container\" data-settings=\"{&quot;background_background&quot;:&quot;classic&quot;}\">\n\t\t\t\t<div class=\"elementor-element elementor-element-427b722a elementor-widget elementor-widget-heading\" data-id=\"427b722a\" data-element_type=\"widget\" data-e-type=\"widget\" data-widget_type=\"heading.default\">\n\t\t\t\t<div class=\"elementor-widget-container\">\n\t\t\t\t\t<h2 class=\"elementor-heading-title elementor-size-default\">Formation  en logiciels m\u00e9tiers<\/h2>\t\t\t\t<\/div>\n\t\t\t\t<\/div>\n\t\t\t\t<\/div>\n\t\t<div class=\"elementor-element elementor-element-54e2acf1 e-con-full e-flex e-con e-child\" data-id=\"54e2acf1\" data-element_type=\"container\" data-e-type=\"container\">\n\t\t\t\t<div class=\"elementor-element elementor-element-556049d1 animated-slow elementor-invisible elementor-widget elementor-widget-image\" data-id=\"556049d1\" data-element_type=\"widget\" data-e-type=\"widget\" data-settings=\"{&quot;_animation&quot;:&quot;fadeInRight&quot;}\" data-widget_type=\"image.default\">\n\t\t\t\t<div class=\"elementor-widget-container\">\n\t\t\t\t\t\t\t\t\t\t\t\t\t\t\t<img fetchpriority=\"high\" decoding=\"async\" width=\"654\" height=\"350\" src=\"https:\/\/3ivisiongabon.com\/wp-content\/uploads\/2026\/03\/Component-21-2.png\" class=\"attachment-large size-large wp-image-2199\" alt=\"\" srcset=\"https:\/\/3ivisiongabon.com\/wp-content\/uploads\/2026\/03\/Component-21-2.png 654w, https:\/\/3ivisiongabon.com\/wp-content\/uploads\/2026\/03\/Component-21-2-300x161.png 300w, https:\/\/3ivisiongabon.com\/wp-content\/uploads\/2026\/03\/Component-21-2-600x321.png 600w\" sizes=\"(max-width: 654px) 100vw, 654px\" \/>\t\t\t\t\t\t\t\t\t\t\t\t\t\t\t<\/div>\n\t\t\t\t<\/div>\n\t\t\t\t<\/div>\n\t\t\t\t<\/div>\n\t\t<div class=\"elementor-element elementor-element-56321353 e-flex e-con-boxed e-con e-parent\" data-id=\"56321353\" data-element_type=\"container\" data-e-type=\"container\" data-settings=\"{&quot;background_background&quot;:&quot;classic&quot;}\">\n\t\t\t\t\t<div class=\"e-con-inner\">\n\t\t\t\t<div class=\"elementor-element elementor-element-745c808b animated-slow elementor-invisible elementor-widget elementor-widget-text-editor\" data-id=\"745c808b\" data-element_type=\"widget\" data-e-type=\"widget\" data-settings=\"{&quot;_animation&quot;:&quot;fadeInUp&quot;}\" data-widget_type=\"text-editor.default\">\n\t\t\t\t<div class=\"elementor-widget-container\">\n\t\t\t\t\t\t\t\t\t<p data-start=\"209\" data-end=\"647\">Dans un environnement professionnel de plus en plus digitalis\u00e9, la ma\u00eetrise des <strong data-start=\"289\" data-end=\"310\">logiciels m\u00e9tiers<\/strong> est devenue essentielle pour am\u00e9liorer la productivit\u00e9 et l\u2019efficacit\u00e9 des \u00e9quipes. Nous proposons des <strong data-start=\"462\" data-end=\"535\">formations adapt\u00e9es aux besoins des entreprises et des professionnels<\/strong>, afin de permettre \u00e0 vos collaborateurs de mieux utiliser les outils informatiques dans leur travail quotidien.<\/p><p data-start=\"649\" data-end=\"770\">Nos formations sont con\u00e7ues pour \u00eatre <strong data-start=\"687\" data-end=\"769\">pratiques, accessibles et directement applicables en situation professionnelle<\/strong>.<\/p>\t\t\t\t\t\t\t\t<\/div>\n\t\t\t\t<\/div>\n\t\t\t\t\t<\/div>\n\t\t\t\t<\/div>\n\t\t<div class=\"elementor-element elementor-element-5cec4ad6 e-con-full e-flex e-con e-parent\" data-id=\"5cec4ad6\" data-element_type=\"container\" data-e-type=\"container\" data-settings=\"{&quot;background_background&quot;:&quot;classic&quot;}\">\n\t\t\t\t<div class=\"elementor-element elementor-element-7773ac8d elementor-widget-divider--view-line elementor-widget elementor-widget-divider\" data-id=\"7773ac8d\" data-element_type=\"widget\" data-e-type=\"widget\" data-widget_type=\"divider.default\">\n\t\t\t\t<div class=\"elementor-widget-container\">\n\t\t\t\t\t\t\t<div class=\"elementor-divider\">\n\t\t\t<span class=\"elementor-divider-separator\">\n\t\t\t\t\t\t<\/span>\n\t\t<\/div>\n\t\t\t\t\t\t<\/div>\n\t\t\t\t<\/div>\n\t\t\t\t<\/div>\n\t\t<div class=\"elementor-element elementor-element-442dd540 e-flex e-con-boxed e-con e-parent\" data-id=\"442dd540\" data-element_type=\"container\" data-e-type=\"container\" data-settings=\"{&quot;background_background&quot;:&quot;classic&quot;}\">\n\t\t\t\t\t<div class=\"e-con-inner\">\n\t\t<div class=\"elementor-element elementor-element-d57f7aa e-con-full e-flex e-con e-child\" data-id=\"d57f7aa\" data-element_type=\"container\" data-e-type=\"container\" data-settings=\"{&quot;background_background&quot;:&quot;classic&quot;}\">\n\t\t\t\t<div class=\"elementor-element elementor-element-bddca4f elementor-widget elementor-widget-heading\" data-id=\"bddca4f\" data-element_type=\"widget\" data-e-type=\"widget\" data-widget_type=\"heading.default\">\n\t\t\t\t<div class=\"elementor-widget-container\">\n\t\t\t\t\t<h2 class=\"elementor-heading-title elementor-size-default\">Des formations adapt\u00e9es \u00e0 vos besoins<\/h2>\t\t\t\t<\/div>\n\t\t\t\t<\/div>\n\t\t\t\t<div class=\"elementor-element elementor-element-b868d33 elementor-widget elementor-widget-text-editor\" data-id=\"b868d33\" data-element_type=\"widget\" data-e-type=\"widget\" data-widget_type=\"text-editor.default\">\n\t\t\t\t<div class=\"elementor-widget-container\">\n\t\t\t\t\t\t\t\t\t<p data-start=\"819\" data-end=\"1064\">Chaque entreprise utilise des logiciels sp\u00e9cifiques \u00e0 son activit\u00e9. C\u2019est pourquoi nous proposons des <strong data-start=\"921\" data-end=\"950\">formations personnalis\u00e9es<\/strong> permettant aux utilisateurs de ma\u00eetriser les fonctionnalit\u00e9s essentielles et avanc\u00e9es de leurs outils de travail.<\/p><p data-start=\"1066\" data-end=\"1101\">Nos formations peuvent porter sur :<\/p><ul><li data-start=\"1105\" data-end=\"1180\">Les logiciels de bureautique (traitement de texte, tableur, pr\u00e9sentation)<\/li><li data-start=\"1183\" data-end=\"1228\">Les logiciels de gestion et de comptabilit\u00e9<\/li><li data-start=\"1231\" data-end=\"1284\">Les outils de gestion administrative et commerciale<\/li><li data-start=\"1287\" data-end=\"1345\">Les logiciels sp\u00e9cialis\u00e9s selon votre secteur d\u2019activit\u00e9<\/li><li data-start=\"1348\" data-end=\"1411\">Les outils collaboratifs et solutions num\u00e9riques d\u2019entreprise<\/li><\/ul><p data-start=\"1413\" data-end=\"1555\">Nos formateurs accompagnent les participants <strong data-start=\"1458\" data-end=\"1471\">pas \u00e0 pas<\/strong>, afin de faciliter l\u2019apprentissage et l\u2019autonomie dans l\u2019utilisation des logiciels.<\/p>\t\t\t\t\t\t\t\t<\/div>\n\t\t\t\t<\/div>\n\t\t\t\t<\/div>\n\t\t<div class=\"elementor-element elementor-element-3d688f05 e-con-full e-flex e-con e-child\" data-id=\"3d688f05\" data-element_type=\"container\" data-e-type=\"container\">\n\t\t\t\t<div class=\"elementor-element elementor-element-7468f4af elementor-widget elementor-widget-heading\" data-id=\"7468f4af\" data-element_type=\"widget\" data-e-type=\"widget\" data-widget_type=\"heading.default\">\n\t\t\t\t<div class=\"elementor-widget-container\">\n\t\t\t\t\t<h2 class=\"elementor-heading-title elementor-size-default\">Une approche p\u00e9dagogique pratique<\/h2>\t\t\t\t<\/div>\n\t\t\t\t<\/div>\n\t\t\t\t<div class=\"elementor-element elementor-element-727272e3 elementor-widget elementor-widget-text-editor\" data-id=\"727272e3\" data-element_type=\"widget\" data-e-type=\"widget\" data-widget_type=\"text-editor.default\">\n\t\t\t\t<div class=\"elementor-widget-container\">\n\t\t\t\t\t\t\t\t\t<p data-start=\"1600\" data-end=\"1853\">Chez <strong data-start=\"1605\" data-end=\"1646\"><span class=\"hover:entity-accent entity-underline inline cursor-pointer align-baseline\"><span class=\"whitespace-normal\">3<span style=\"color: red;\">i<\/span>vision<\/span><\/span><\/strong>, nous privil\u00e9gions une <strong data-start=\"1670\" data-end=\"1716\">approche p\u00e9dagogique bas\u00e9e sur la pratique<\/strong>. Les participants travaillent directement sur des cas concrets afin de mieux comprendre les fonctionnalit\u00e9s et les usages des logiciels.<\/p><p data-start=\"1855\" data-end=\"1880\">Nos formations incluent :<\/p><ul><li data-start=\"1884\" data-end=\"1914\">Des d\u00e9monstrations pratiques<\/li><li data-start=\"1917\" data-end=\"1954\">Des exercices et mises en situation<\/li><li data-start=\"1957\" data-end=\"2005\">Des conseils d\u2019utilisation et bonnes pratiques<\/li><li data-start=\"2008\" data-end=\"2055\">Un accompagnement personnalis\u00e9 des apprenants<\/li><\/ul><p data-start=\"2057\" data-end=\"2192\">L\u2019objectif est de permettre \u00e0 vos \u00e9quipes <strong data-start=\"2099\" data-end=\"2191\">d\u2019exploiter pleinement le potentiel des outils num\u00e9riques utilis\u00e9s dans votre entreprise<\/strong>.<\/p>\t\t\t\t\t\t\t\t<\/div>\n\t\t\t\t<\/div>\n\t\t\t\t<\/div>\n\t\t\t\t\t<\/div>\n\t\t\t\t<\/div>\n\t\t<div class=\"elementor-element elementor-element-6bacdd99 e-con-full e-flex e-con e-parent\" data-id=\"6bacdd99\" data-element_type=\"container\" data-e-type=\"container\" data-settings=\"{&quot;background_background&quot;:&quot;classic&quot;}\">\n\t\t\t\t<div class=\"elementor-element elementor-element-52a0288 elementor-align-center animated-slow elementor-invisible elementor-widget elementor-widget-button\" data-id=\"52a0288\" data-element_type=\"widget\" data-e-type=\"widget\" data-settings=\"{&quot;_animation&quot;:&quot;fadeInUp&quot;}\" data-widget_type=\"button.default\">\n\t\t\t\t<div class=\"elementor-widget-container\">\n\t\t\t\t\t\t\t\t\t<div class=\"elementor-button-wrapper\">\n\t\t\t\t\t<a class=\"elementor-button elementor-button-link elementor-size-sm elementor-animation-pulse\" href=\"https:\/\/3ivisiongabon.com\/?page_id=2831\">\n\t\t\t\t\t\t<span class=\"elementor-button-content-wrapper\">\n\t\t\t\t\t\t\t\t\t<span class=\"elementor-button-text\">\u00c9CRIVEZ-NOUS<\/span>\n\t\t\t\t\t<\/span>\n\t\t\t\t\t<\/a>\n\t\t\t\t<\/div>\n\t\t\t\t\t\t\t\t<\/div>\n\t\t\t\t<\/div>\n\t\t\t\t<\/div>\n\t\t<div class=\"elementor-element elementor-element-335fd7e e-con-full e-flex e-con e-parent\" data-id=\"335fd7e\" data-element_type=\"container\" data-e-type=\"container\" data-settings=\"{&quot;background_background&quot;:&quot;classic&quot;}\">\n\t\t\t\t<div class=\"elementor-element elementor-element-c993b4c elementor-widget elementor-widget-image\" data-id=\"c993b4c\" data-element_type=\"widget\" data-e-type=\"widget\" data-widget_type=\"image.default\">\n\t\t\t\t<div class=\"elementor-widget-container\">\n\t\t\t\t\t\t\t\t\t\t\t\t\t\t\t<img decoding=\"async\" width=\"1024\" height=\"146\" src=\"https:\/\/3ivisiongabon.com\/wp-content\/uploads\/2026\/03\/20-de-reduction-1-1024x146.png\" class=\"attachment-large size-large wp-image-3248\" alt=\"\" srcset=\"https:\/\/3ivisiongabon.com\/wp-content\/uploads\/2026\/03\/20-de-reduction-1-1024x146.png 1024w, https:\/\/3ivisiongabon.com\/wp-content\/uploads\/2026\/03\/20-de-reduction-1-300x43.png 300w, https:\/\/3ivisiongabon.com\/wp-content\/uploads\/2026\/03\/20-de-reduction-1-768x110.png 768w, https:\/\/3ivisiongabon.com\/wp-content\/uploads\/2026\/03\/20-de-reduction-1-1320x189.png 1320w, https:\/\/3ivisiongabon.com\/wp-content\/uploads\/2026\/03\/20-de-reduction-1-600x86.png 600w, https:\/\/3ivisiongabon.com\/wp-content\/uploads\/2026\/03\/20-de-reduction-1.png 1400w\" sizes=\"(max-width: 1024px) 100vw, 1024px\" \/>\t\t\t\t\t\t\t\t\t\t\t\t\t\t\t<\/div>\n\t\t\t\t<\/div>\n\t\t\t\t<\/div>\n\t\t\t\t<\/div>\n\t\t","protected":false},"excerpt":{"rendered":"<p>Formation en logiciels m\u00e9tiers Dans un environnement professionnel de plus en plus digitalis\u00e9, la ma\u00eetrise des logiciels m\u00e9tiers est devenue essentielle pour am\u00e9liorer la productivit\u00e9 et l\u2019efficacit\u00e9 des \u00e9quipes. Nous proposons des formations adapt\u00e9es aux besoins des entreprises et des professionnels, afin de permettre \u00e0 vos collaborateurs de mieux utiliser les outils informatiques dans leur [&hellip;]<\/p>\n","protected":false},"author":1,"featured_media":0,"parent":0,"menu_order":0,"comment_status":"closed","ping_status":"closed","template":"","meta":{"_monsterinsights_skip_tracking":false,"_monsterinsights_sitenote_active":false,"_monsterinsights_sitenote_note":"","_monsterinsights_sitenote_category":0,"site-sidebar-layout":"no-sidebar","site-content-layout":"page-builder","ast-site-content-layout":"full-width-container","site-content-style":"default","site-sidebar-style":"default","ast-global-header-display":"","ast-banner-title-visibility":"","ast-main-header-display":"","ast-hfb-above-header-display":"","ast-hfb-below-header-display":"","ast-hfb-mobile-header-display":"","site-post-title":"disabled","ast-breadcrumbs-content":"","ast-featured-img":"disabled","footer-sml-layout":"","ast-disable-related-posts":"","theme-transparent-header-meta":"","adv-header-id-meta":"","stick-header-meta":"","header-above-stick-meta":"","header-main-stick-meta":"","header-below-stick-meta":"","astra-migrate-meta-layouts":"default","ast-page-background-enabled":"default","ast-page-background-meta":{"desktop":{"background-color":"","background-image":"","background-repeat":"repeat","background-position":"center center","background-size":"auto","background-attachment":"scroll","background-type":"","background-media":"","overlay-type":"","overlay-color":"","overlay-opacity":"","overlay-gradient":""},"tablet":{"background-color":"","background-image":"","background-repeat":"repeat","background-position":"center center","background-size":"auto","background-attachment":"scroll","background-type":"","background-media":"","overlay-type":"","overlay-color":"","overlay-opacity":"","overlay-gradient":""},"mobile":{"background-color":"","background-image":"","background-repeat":"repeat","background-position":"center center","background-size":"auto","background-attachment":"scroll","background-type":"","background-media":"","overlay-type":"","overlay-color":"","overlay-opacity":"","overlay-gradient":""}},"ast-content-background-meta":{"desktop":{"background-color":"var(--ast-global-color-5)","background-image":"","background-repeat":"repeat","background-position":"center center","background-size":"auto","background-attachment":"scroll","background-type":"","background-media":"","overlay-type":"","overlay-color":"","overlay-opacity":"","overlay-gradient":""},"tablet":{"background-color":"var(--ast-global-color-5)","background-image":"","background-repeat":"repeat","background-position":"center center","background-size":"auto","background-attachment":"scroll","background-type":"","background-media":"","overlay-type":"","overlay-color":"","overlay-opacity":"","overlay-gradient":""},"mobile":{"background-color":"var(--ast-global-color-5)","background-image":"","background-repeat":"repeat","background-position":"center center","background-size":"auto","background-attachment":"scroll","background-type":"","background-media":"","overlay-type":"","overlay-color":"","overlay-opacity":"","overlay-gradient":""}},"footnotes":""},"class_list":["post-2849","page","type-page","status-publish","hentry"],"jetpack_sharing_enabled":true,"_links":{"self":[{"href":"https:\/\/3ivisiongabon.com\/index.php?rest_route=\/wp\/v2\/pages\/2849","targetHints":{"allow":["GET"]}}],"collection":[{"href":"https:\/\/3ivisiongabon.com\/index.php?rest_route=\/wp\/v2\/pages"}],"about":[{"href":"https:\/\/3ivisiongabon.com\/index.php?rest_route=\/wp\/v2\/types\/page"}],"author":[{"embeddable":true,"href":"https:\/\/3ivisiongabon.com\/index.php?rest_route=\/wp\/v2\/users\/1"}],"replies":[{"embeddable":true,"href":"https:\/\/3ivisiongabon.com\/index.php?rest_route=%2Fwp%2Fv2%2Fcomments&post=2849"}],"version-history":[{"count":25,"href":"https:\/\/3ivisiongabon.com\/index.php?rest_route=\/wp\/v2\/pages\/2849\/revisions"}],"predecessor-version":[{"id":3802,"href":"https:\/\/3ivisiongabon.com\/index.php?rest_route=\/wp\/v2\/pages\/2849\/revisions\/3802"}],"wp:attachment":[{"href":"https:\/\/3ivisiongabon.com\/index.php?rest_route=%2Fwp%2Fv2%2Fmedia&parent=2849"}],"curies":[{"name":"wp","href":"https:\/\/api.w.org\/{rel}","templated":true}]}}