{"id":2865,"date":"2026-03-12T23:49:39","date_gmt":"2026-03-12T22:49:39","guid":{"rendered":"https:\/\/3ivisiongabon.com\/?page_id=2865"},"modified":"2026-03-29T17:52:57","modified_gmt":"2026-03-29T15:52:57","slug":"cablages-reseaux-structures-3i","status":"publish","type":"page","link":"https:\/\/3ivisiongabon.com\/?page_id=2865","title":{"rendered":"C\u00e2blages r\u00e9seaux structur\u00e9s"},"content":{"rendered":"\t\t<div data-elementor-type=\"wp-page\" data-elementor-id=\"2865\" class=\"elementor elementor-2865\">\n\t\t\t\t<div class=\"elementor-element elementor-element-7a554117 e-con-full e-flex e-con e-parent\" data-id=\"7a554117\" data-element_type=\"container\" data-e-type=\"container\" data-settings=\"{&quot;background_background&quot;:&quot;classic&quot;}\">\n\t\t<div class=\"elementor-element elementor-element-2c8d0dc8 e-con-full e-flex e-con e-child\" data-id=\"2c8d0dc8\" data-element_type=\"container\" data-e-type=\"container\" data-settings=\"{&quot;background_background&quot;:&quot;classic&quot;}\">\n\t\t<div class=\"elementor-element elementor-element-695239b8 e-con-full e-flex e-con e-child\" data-id=\"695239b8\" data-element_type=\"container\" data-e-type=\"container\">\n\t\t\t\t<div class=\"elementor-element elementor-element-4fd62a9a elementor-widget elementor-widget-heading\" data-id=\"4fd62a9a\" data-element_type=\"widget\" data-e-type=\"widget\" data-widget_type=\"heading.default\">\n\t\t\t\t<div class=\"elementor-widget-container\">\n\t\t\t\t\t<h2 class=\"elementor-heading-title elementor-size-default\">C\u00e2blage R\u00e9seau Structur\u00e9<\/h2>\t\t\t\t<\/div>\n\t\t\t\t<\/div>\n\t\t\t\t<\/div>\n\t\t<div class=\"elementor-element elementor-element-5658951a e-con-full e-flex e-con e-child\" data-id=\"5658951a\" data-element_type=\"container\" data-e-type=\"container\">\n\t\t\t\t<div class=\"elementor-element elementor-element-745eaa0c animated-slow elementor-invisible elementor-widget elementor-widget-image\" data-id=\"745eaa0c\" data-element_type=\"widget\" data-e-type=\"widget\" data-settings=\"{&quot;_animation&quot;:&quot;fadeInRight&quot;}\" data-widget_type=\"image.default\">\n\t\t\t\t<div class=\"elementor-widget-container\">\n\t\t\t\t\t\t\t\t\t\t\t\t\t\t\t<img fetchpriority=\"high\" decoding=\"async\" width=\"1024\" height=\"541\" src=\"https:\/\/3ivisiongabon.com\/wp-content\/uploads\/2026\/03\/Component-19-17-1024x541.webp\" class=\"attachment-large size-large wp-image-2465\" alt=\"\" srcset=\"https:\/\/3ivisiongabon.com\/wp-content\/uploads\/2026\/03\/Component-19-17-1024x541.webp 1024w, https:\/\/3ivisiongabon.com\/wp-content\/uploads\/2026\/03\/Component-19-17-300x159.webp 300w, https:\/\/3ivisiongabon.com\/wp-content\/uploads\/2026\/03\/Component-19-17-768x406.webp 768w, https:\/\/3ivisiongabon.com\/wp-content\/uploads\/2026\/03\/Component-19-17-600x317.webp 600w, https:\/\/3ivisiongabon.com\/wp-content\/uploads\/2026\/03\/Component-19-17.webp 1347w\" sizes=\"(max-width: 1024px) 100vw, 1024px\" \/>\t\t\t\t\t\t\t\t\t\t\t\t\t\t\t<\/div>\n\t\t\t\t<\/div>\n\t\t\t\t<\/div>\n\t\t\t\t<\/div>\n\t\t\t\t<\/div>\n\t\t<div class=\"elementor-element elementor-element-e4ec901 e-flex e-con-boxed e-con e-parent\" data-id=\"e4ec901\" data-element_type=\"container\" data-e-type=\"container\" data-settings=\"{&quot;background_background&quot;:&quot;classic&quot;}\">\n\t\t\t\t\t<div class=\"e-con-inner\">\n\t\t\t\t<div class=\"elementor-element elementor-element-2e545f40 animated-slow elementor-invisible elementor-widget elementor-widget-text-editor\" data-id=\"2e545f40\" data-element_type=\"widget\" data-e-type=\"widget\" data-settings=\"{&quot;_animation&quot;:&quot;fadeInUp&quot;}\" data-widget_type=\"text-editor.default\">\n\t\t\t\t<div class=\"elementor-widget-container\">\n\t\t\t\t\t\t\t\t\t<p><strong>Vous installez un nouveau bureau ? <\/strong><\/p><p><span style=\"font-weight: 400;\">Nous fournissons des solutions informatiques compl\u00e8tes, notamment le c\u00e2blage r\u00e9seau, l&rsquo;<strong>installation de mat\u00e9riel<\/strong>, la <strong>configuration Wi-Fi<\/strong>, les <strong>t\u00e9l\u00e9phones IP<\/strong>, la <strong>cybers\u00e9curit\u00e9<\/strong> <strong>et l&rsquo;assistance<\/strong>. Des petites entreprises aux si\u00e8ges sociaux, nous garantissons un environnement informatique rapide, s\u00e9curis\u00e9 et \u00e9volutif.<\/span><\/p>\t\t\t\t\t\t\t\t<\/div>\n\t\t\t\t<\/div>\n\t\t\t\t\t<\/div>\n\t\t\t\t<\/div>\n\t\t<div class=\"elementor-element elementor-element-215fa212 e-flex e-con-boxed e-con e-parent\" data-id=\"215fa212\" data-element_type=\"container\" data-e-type=\"container\" data-settings=\"{&quot;background_background&quot;:&quot;classic&quot;}\">\n\t\t\t\t\t<div class=\"e-con-inner\">\n\t\t\t\t<div class=\"elementor-element elementor-element-56ffb525 elementor-widget-divider--view-line elementor-widget elementor-widget-divider\" data-id=\"56ffb525\" data-element_type=\"widget\" data-e-type=\"widget\" data-widget_type=\"divider.default\">\n\t\t\t\t<div class=\"elementor-widget-container\">\n\t\t\t\t\t\t\t<div class=\"elementor-divider\">\n\t\t\t<span class=\"elementor-divider-separator\">\n\t\t\t\t\t\t<\/span>\n\t\t<\/div>\n\t\t\t\t\t\t<\/div>\n\t\t\t\t<\/div>\n\t\t\t\t<div class=\"elementor-element elementor-element-72a45a6a elementor-widget elementor-widget-heading\" data-id=\"72a45a6a\" data-element_type=\"widget\" data-e-type=\"widget\" data-widget_type=\"heading.default\">\n\t\t\t\t<div class=\"elementor-widget-container\">\n\t\t\t\t\t<h2 class=\"elementor-heading-title elementor-size-default\">Une installation professionnelle et organis\u00e9e<\/h2>\t\t\t\t<\/div>\n\t\t\t\t<\/div>\n\t\t\t\t\t<\/div>\n\t\t\t\t<\/div>\n\t\t<div class=\"elementor-element elementor-element-fe01c0f e-con-full e-flex e-con e-parent\" data-id=\"fe01c0f\" data-element_type=\"container\" data-e-type=\"container\" data-settings=\"{&quot;background_background&quot;:&quot;classic&quot;}\">\n\t\t\t\t<div class=\"elementor-element elementor-element-8ff96b4 elementor-widget elementor-widget-image-box\" data-id=\"8ff96b4\" data-element_type=\"widget\" data-e-type=\"widget\" data-widget_type=\"image-box.default\">\n\t\t\t\t<div class=\"elementor-widget-container\">\n\t\t\t\t\t<div class=\"elementor-image-box-wrapper\"><div class=\"elementor-image-box-content\"><h3 class=\"elementor-image-box-title\">C\u00e2blage \u00e0 fibre optique (monomode et multimode)<\/h3><p class=\"elementor-image-box-description\">Transmission de donn\u00e9es ultra-rapide et longue distance \u00e0 l'aide de fibres monomodes ou multimodes, id\u00e9ale pour les centres de donn\u00e9es, les immeubles de grande hauteur et la connectivit\u00e9 entre \u00e9tages.<\/p><\/div><\/div>\t\t\t\t<\/div>\n\t\t\t\t<\/div>\n\t\t\t\t<div class=\"elementor-element elementor-element-b850997 elementor-widget elementor-widget-image-box\" data-id=\"b850997\" data-element_type=\"widget\" data-e-type=\"widget\" data-widget_type=\"image-box.default\">\n\t\t\t\t<div class=\"elementor-widget-container\">\n\t\t\t\t\t<div class=\"elementor-image-box-wrapper\"><div class=\"elementor-image-box-content\"><h3 class=\"elementor-image-box-title\">Solutions de c\u00e2blage et de rack pour Data center<\/h3><p class=\"elementor-image-box-description\">C\u00e2blage haute densit\u00e9 soigneusement structur\u00e9 avec des configurations de rack optimis\u00e9es pour la circulation de l'air, le refroidissement et la facilit\u00e9 de gestion dans les environnements informatiques critiques.<\/p><\/div><\/div>\t\t\t\t<\/div>\n\t\t\t\t<\/div>\n\t\t\t\t<div class=\"elementor-element elementor-element-4f40fcd elementor-widget elementor-widget-image-box\" data-id=\"4f40fcd\" data-element_type=\"widget\" data-e-type=\"widget\" data-widget_type=\"image-box.default\">\n\t\t\t\t<div class=\"elementor-widget-container\">\n\t\t\t\t\t<div class=\"elementor-image-box-wrapper\"><div class=\"elementor-image-box-content\"><h3 class=\"elementor-image-box-title\">C\u00e2blage vocal et t\u00e9l\u00e9phonique<\/h3><p class=\"elementor-image-box-description\">Installation d'une infrastructure VoIP et de t\u00e9l\u00e9phonie traditionnelle pour une communication claire, enti\u00e8rement int\u00e9gr\u00e9e \u00e0 votre syst\u00e8me r\u00e9seau.<\/p><\/div><\/div>\t\t\t\t<\/div>\n\t\t\t\t<\/div>\n\t\t\t\t<\/div>\n\t\t<div class=\"elementor-element elementor-element-3a31b693 e-flex e-con-boxed e-con e-parent\" data-id=\"3a31b693\" data-element_type=\"container\" data-e-type=\"container\" data-settings=\"{&quot;background_background&quot;:&quot;classic&quot;}\">\n\t\t\t\t\t<div class=\"e-con-inner\">\n\t\t\t\t<div class=\"elementor-element elementor-element-3b4bb321 elementor-widget-divider--view-line elementor-widget elementor-widget-divider\" data-id=\"3b4bb321\" data-element_type=\"widget\" data-e-type=\"widget\" data-widget_type=\"divider.default\">\n\t\t\t\t<div class=\"elementor-widget-container\">\n\t\t\t\t\t\t\t<div class=\"elementor-divider\">\n\t\t\t<span class=\"elementor-divider-separator\">\n\t\t\t\t\t\t<\/span>\n\t\t<\/div>\n\t\t\t\t\t\t<\/div>\n\t\t\t\t<\/div>\n\t\t\t\t\t<\/div>\n\t\t\t\t<\/div>\n\t\t<div class=\"elementor-element elementor-element-6a99069e e-con-full e-flex e-con e-parent\" data-id=\"6a99069e\" data-element_type=\"container\" data-e-type=\"container\" data-settings=\"{&quot;background_background&quot;:&quot;classic&quot;}\">\n\t\t<div class=\"elementor-element elementor-element-5e7934b7 e-con-full e-flex e-con e-child\" data-id=\"5e7934b7\" data-element_type=\"container\" data-e-type=\"container\">\n\t\t\t\t<div class=\"elementor-element elementor-element-347ac4b2 elementor-widget elementor-widget-heading\" data-id=\"347ac4b2\" data-element_type=\"widget\" data-e-type=\"widget\" data-widget_type=\"heading.default\">\n\t\t\t\t<div class=\"elementor-widget-container\">\n\t\t\t\t\t<h2 class=\"elementor-heading-title elementor-size-default\">Nos solutions de c\u00e2blage r\u00e9seau<\/h2>\t\t\t\t<\/div>\n\t\t\t\t<\/div>\n\t\t\t\t<div class=\"elementor-element elementor-element-3c7a3e6a elementor-widget elementor-widget-text-editor\" data-id=\"3c7a3e6a\" data-element_type=\"widget\" data-e-type=\"widget\" data-widget_type=\"text-editor.default\">\n\t\t\t\t<div class=\"elementor-widget-container\">\n\t\t\t\t\t\t\t\t\t<p><strong>Installation de c\u00e2bles r\u00e9seau<\/strong><\/p><ul><li>Mise en place de c\u00e2bles Ethernet haute performance pour connecter tous les \u00e9quipements informatiques de votre entreprise.<\/li><\/ul><p><strong>Baies de brassage et armoires r\u00e9seau<\/strong><\/p><ul><li>Installation de baies de brassage et racks informatiques pour organiser et s\u00e9curiser les \u00e9quipements r\u00e9seau.<\/li><\/ul><p><strong>Organisation et gestion des c\u00e2bles<\/strong><\/p><ul><li>Structuration et optimisation des installations pour garantir un r\u00e9seau clair, ordonn\u00e9 et facile \u00e0 maintenir.<\/li><\/ul><p><strong>Extension et modernisation des r\u00e9seaux<\/strong><\/p><ul><li>Mise \u00e0 niveau ou extension des infrastructures r\u00e9seau existantes pour r\u00e9pondre aux nouveaux besoins technologiques.<\/li><\/ul><p><strong>Pour quels types d\u2019organisations ?<\/strong><\/p><p>Nos solutions de c\u00e2blage r\u00e9seau sont adapt\u00e9es pour :<\/p><ul><li>Entreprises et bureaux<\/li><li>Administrations<\/li><li>H\u00f4tels et \u00e9tablissements touristiques<\/li><li>H\u00f4pitaux et cliniques<\/li><li>\u00c9tablissements scolaires<\/li><li>Centres commerciaux et magasins<\/li><\/ul>\t\t\t\t\t\t\t\t<\/div>\n\t\t\t\t<\/div>\n\t\t\t\t<\/div>\n\t\t<div class=\"elementor-element elementor-element-0be9375 e-con-full e-flex e-con e-child\" data-id=\"0be9375\" data-element_type=\"container\" data-e-type=\"container\">\n\t\t\t\t<div class=\"elementor-element elementor-element-31150b4 animated-slow elementor-invisible elementor-widget elementor-widget-image\" data-id=\"31150b4\" data-element_type=\"widget\" data-e-type=\"widget\" data-settings=\"{&quot;_animation&quot;:&quot;fadeInRight&quot;}\" data-widget_type=\"image.default\">\n\t\t\t\t<div class=\"elementor-widget-container\">\n\t\t\t\t\t\t\t\t\t\t\t\t\t\t\t<img decoding=\"async\" width=\"1024\" height=\"977\" src=\"https:\/\/3ivisiongabon.com\/wp-content\/uploads\/2026\/03\/Component-18-4-1024x977.webp\" class=\"attachment-large size-large wp-image-2467\" alt=\"\" srcset=\"https:\/\/3ivisiongabon.com\/wp-content\/uploads\/2026\/03\/Component-18-4-1024x977.webp 1024w, https:\/\/3ivisiongabon.com\/wp-content\/uploads\/2026\/03\/Component-18-4-300x286.webp 300w, https:\/\/3ivisiongabon.com\/wp-content\/uploads\/2026\/03\/Component-18-4-768x733.webp 768w, https:\/\/3ivisiongabon.com\/wp-content\/uploads\/2026\/03\/Component-18-4-600x573.webp 600w, https:\/\/3ivisiongabon.com\/wp-content\/uploads\/2026\/03\/Component-18-4.webp 1332w\" sizes=\"(max-width: 1024px) 100vw, 1024px\" \/>\t\t\t\t\t\t\t\t\t\t\t\t\t\t\t<\/div>\n\t\t\t\t<\/div>\n\t\t\t\t<\/div>\n\t\t\t\t<\/div>\n\t\t<div class=\"elementor-element elementor-element-710832c3 e-con-full e-flex e-con e-parent\" data-id=\"710832c3\" data-element_type=\"container\" data-e-type=\"container\" data-settings=\"{&quot;background_background&quot;:&quot;classic&quot;}\">\n\t\t\t\t<div class=\"elementor-element elementor-element-a7d32cd elementor-align-center animated-slow elementor-invisible elementor-widget elementor-widget-button\" data-id=\"a7d32cd\" data-element_type=\"widget\" data-e-type=\"widget\" data-settings=\"{&quot;_animation&quot;:&quot;fadeInUp&quot;}\" data-widget_type=\"button.default\">\n\t\t\t\t<div class=\"elementor-widget-container\">\n\t\t\t\t\t\t\t\t\t<div class=\"elementor-button-wrapper\">\n\t\t\t\t\t<a class=\"elementor-button elementor-button-link elementor-size-sm elementor-animation-pulse\" href=\"https:\/\/3ivisiongabon.com\/?page_id=2831\">\n\t\t\t\t\t\t<span class=\"elementor-button-content-wrapper\">\n\t\t\t\t\t\t\t\t\t<span class=\"elementor-button-text\">\u00c9CRIVEZ-NOUS<\/span>\n\t\t\t\t\t<\/span>\n\t\t\t\t\t<\/a>\n\t\t\t\t<\/div>\n\t\t\t\t\t\t\t\t<\/div>\n\t\t\t\t<\/div>\n\t\t\t\t<\/div>\n\t\t<div class=\"elementor-element elementor-element-3a5d734 e-con-full e-flex e-con e-parent\" data-id=\"3a5d734\" data-element_type=\"container\" data-e-type=\"container\" data-settings=\"{&quot;background_background&quot;:&quot;classic&quot;}\">\n\t\t\t\t<div class=\"elementor-element elementor-element-1237d5d elementor-widget elementor-widget-image\" data-id=\"1237d5d\" data-element_type=\"widget\" data-e-type=\"widget\" data-widget_type=\"image.default\">\n\t\t\t\t<div class=\"elementor-widget-container\">\n\t\t\t\t\t\t\t\t\t\t\t\t\t\t\t<img decoding=\"async\" width=\"1024\" height=\"146\" src=\"https:\/\/3ivisiongabon.com\/wp-content\/uploads\/2026\/03\/20-de-reduction-1-1024x146.png\" class=\"attachment-large size-large wp-image-3248\" alt=\"\" srcset=\"https:\/\/3ivisiongabon.com\/wp-content\/uploads\/2026\/03\/20-de-reduction-1-1024x146.png 1024w, https:\/\/3ivisiongabon.com\/wp-content\/uploads\/2026\/03\/20-de-reduction-1-300x43.png 300w, https:\/\/3ivisiongabon.com\/wp-content\/uploads\/2026\/03\/20-de-reduction-1-768x110.png 768w, https:\/\/3ivisiongabon.com\/wp-content\/uploads\/2026\/03\/20-de-reduction-1-1320x189.png 1320w, https:\/\/3ivisiongabon.com\/wp-content\/uploads\/2026\/03\/20-de-reduction-1-600x86.png 600w, https:\/\/3ivisiongabon.com\/wp-content\/uploads\/2026\/03\/20-de-reduction-1.png 1400w\" sizes=\"(max-width: 1024px) 100vw, 1024px\" \/>\t\t\t\t\t\t\t\t\t\t\t\t\t\t\t<\/div>\n\t\t\t\t<\/div>\n\t\t\t\t<\/div>\n\t\t\t\t<\/div>\n\t\t","protected":false},"excerpt":{"rendered":"<p>C\u00e2blage R\u00e9seau Structur\u00e9 Vous installez un nouveau bureau ? Nous fournissons des solutions informatiques compl\u00e8tes, notamment le c\u00e2blage r\u00e9seau, l&rsquo;installation de mat\u00e9riel, la configuration Wi-Fi, les t\u00e9l\u00e9phones IP, la cybers\u00e9curit\u00e9 et l&rsquo;assistance. Des petites entreprises aux si\u00e8ges sociaux, nous garantissons un environnement informatique rapide, s\u00e9curis\u00e9 et \u00e9volutif. Une installation professionnelle et organis\u00e9e C\u00e2blage \u00e0 fibre [&hellip;]<\/p>\n","protected":false},"author":1,"featured_media":0,"parent":0,"menu_order":0,"comment_status":"closed","ping_status":"closed","template":"","meta":{"_monsterinsights_skip_tracking":false,"_monsterinsights_sitenote_active":false,"_monsterinsights_sitenote_note":"","_monsterinsights_sitenote_category":0,"site-sidebar-layout":"no-sidebar","site-content-layout":"page-builder","ast-site-content-layout":"full-width-container","site-content-style":"default","site-sidebar-style":"default","ast-global-header-display":"","ast-banner-title-visibility":"","ast-main-header-display":"","ast-hfb-above-header-display":"","ast-hfb-below-header-display":"","ast-hfb-mobile-header-display":"","site-post-title":"disabled","ast-breadcrumbs-content":"","ast-featured-img":"disabled","footer-sml-layout":"","ast-disable-related-posts":"","theme-transparent-header-meta":"","adv-header-id-meta":"","stick-header-meta":"","header-above-stick-meta":"","header-main-stick-meta":"","header-below-stick-meta":"","astra-migrate-meta-layouts":"default","ast-page-background-enabled":"default","ast-page-background-meta":{"desktop":{"background-color":"","background-image":"","background-repeat":"repeat","background-position":"center center","background-size":"auto","background-attachment":"scroll","background-type":"","background-media":"","overlay-type":"","overlay-color":"","overlay-opacity":"","overlay-gradient":""},"tablet":{"background-color":"","background-image":"","background-repeat":"repeat","background-position":"center center","background-size":"auto","background-attachment":"scroll","background-type":"","background-media":"","overlay-type":"","overlay-color":"","overlay-opacity":"","overlay-gradient":""},"mobile":{"background-color":"","background-image":"","background-repeat":"repeat","background-position":"center center","background-size":"auto","background-attachment":"scroll","background-type":"","background-media":"","overlay-type":"","overlay-color":"","overlay-opacity":"","overlay-gradient":""}},"ast-content-background-meta":{"desktop":{"background-color":"var(--ast-global-color-5)","background-image":"","background-repeat":"repeat","background-position":"center center","background-size":"auto","background-attachment":"scroll","background-type":"","background-media":"","overlay-type":"","overlay-color":"","overlay-opacity":"","overlay-gradient":""},"tablet":{"background-color":"var(--ast-global-color-5)","background-image":"","background-repeat":"repeat","background-position":"center center","background-size":"auto","background-attachment":"scroll","background-type":"","background-media":"","overlay-type":"","overlay-color":"","overlay-opacity":"","overlay-gradient":""},"mobile":{"background-color":"var(--ast-global-color-5)","background-image":"","background-repeat":"repeat","background-position":"center center","background-size":"auto","background-attachment":"scroll","background-type":"","background-media":"","overlay-type":"","overlay-color":"","overlay-opacity":"","overlay-gradient":""}},"footnotes":""},"class_list":["post-2865","page","type-page","status-publish","hentry"],"jetpack_sharing_enabled":true,"_links":{"self":[{"href":"https:\/\/3ivisiongabon.com\/index.php?rest_route=\/wp\/v2\/pages\/2865","targetHints":{"allow":["GET"]}}],"collection":[{"href":"https:\/\/3ivisiongabon.com\/index.php?rest_route=\/wp\/v2\/pages"}],"about":[{"href":"https:\/\/3ivisiongabon.com\/index.php?rest_route=\/wp\/v2\/types\/page"}],"author":[{"embeddable":true,"href":"https:\/\/3ivisiongabon.com\/index.php?rest_route=\/wp\/v2\/users\/1"}],"replies":[{"embeddable":true,"href":"https:\/\/3ivisiongabon.com\/index.php?rest_route=%2Fwp%2Fv2%2Fcomments&post=2865"}],"version-history":[{"count":29,"href":"https:\/\/3ivisiongabon.com\/index.php?rest_route=\/wp\/v2\/pages\/2865\/revisions"}],"predecessor-version":[{"id":3855,"href":"https:\/\/3ivisiongabon.com\/index.php?rest_route=\/wp\/v2\/pages\/2865\/revisions\/3855"}],"wp:attachment":[{"href":"https:\/\/3ivisiongabon.com\/index.php?rest_route=%2Fwp%2Fv2%2Fmedia&parent=2865"}],"curies":[{"name":"wp","href":"https:\/\/api.w.org\/{rel}","templated":true}]}}