{"id":2870,"date":"2026-03-12T23:52:41","date_gmt":"2026-03-12T22:52:41","guid":{"rendered":"https:\/\/3ivisiongabon.com\/?page_id=2870"},"modified":"2026-03-29T16:06:53","modified_gmt":"2026-03-29T14:06:53","slug":"solutions-infrastructures-3i","status":"publish","type":"page","link":"https:\/\/3ivisiongabon.com\/?page_id=2870","title":{"rendered":"Solutions Infrastructures"},"content":{"rendered":"\t\t<div data-elementor-type=\"wp-page\" data-elementor-id=\"2870\" class=\"elementor elementor-2870\">\n\t\t\t\t<div class=\"elementor-element elementor-element-728b82f7 e-con-full e-flex e-con e-parent\" data-id=\"728b82f7\" data-element_type=\"container\" data-e-type=\"container\" data-settings=\"{&quot;background_background&quot;:&quot;classic&quot;}\">\n\t\t<div class=\"elementor-element elementor-element-7c1620cc e-con-full e-flex e-con e-child\" data-id=\"7c1620cc\" data-element_type=\"container\" data-e-type=\"container\">\n\t\t\t\t<div class=\"elementor-element elementor-element-13277971 elementor-widget elementor-widget-heading\" data-id=\"13277971\" data-element_type=\"widget\" data-e-type=\"widget\" data-widget_type=\"heading.default\">\n\t\t\t\t<div class=\"elementor-widget-container\">\n\t\t\t\t\t<h2 class=\"elementor-heading-title elementor-size-default\">Solutions Infrastructures<\/h2>\t\t\t\t<\/div>\n\t\t\t\t<\/div>\n\t\t\t\t<\/div>\n\t\t<div class=\"elementor-element elementor-element-17e1bfeb e-con-full e-flex e-con e-child\" data-id=\"17e1bfeb\" data-element_type=\"container\" data-e-type=\"container\">\n\t\t\t\t<div class=\"elementor-element elementor-element-63ed7996 animated-slow elementor-invisible elementor-widget elementor-widget-image\" data-id=\"63ed7996\" data-element_type=\"widget\" data-e-type=\"widget\" data-settings=\"{&quot;_animation&quot;:&quot;fadeInRight&quot;}\" data-widget_type=\"image.default\">\n\t\t\t\t<div class=\"elementor-widget-container\">\n\t\t\t\t\t\t\t\t\t\t\t\t\t\t\t<img fetchpriority=\"high\" decoding=\"async\" width=\"813\" height=\"460\" src=\"https:\/\/3ivisiongabon.com\/wp-content\/uploads\/2026\/03\/Component-23.png\" class=\"attachment-large size-large wp-image-2209\" alt=\"\" srcset=\"https:\/\/3ivisiongabon.com\/wp-content\/uploads\/2026\/03\/Component-23.png 813w, https:\/\/3ivisiongabon.com\/wp-content\/uploads\/2026\/03\/Component-23-300x170.png 300w, https:\/\/3ivisiongabon.com\/wp-content\/uploads\/2026\/03\/Component-23-768x435.png 768w, https:\/\/3ivisiongabon.com\/wp-content\/uploads\/2026\/03\/Component-23-600x339.png 600w\" sizes=\"(max-width: 813px) 100vw, 813px\" \/>\t\t\t\t\t\t\t\t\t\t\t\t\t\t\t<\/div>\n\t\t\t\t<\/div>\n\t\t\t\t<\/div>\n\t\t\t\t<\/div>\n\t\t<div class=\"elementor-element elementor-element-4be8a37 e-con-full e-flex e-con e-parent\" data-id=\"4be8a37\" data-element_type=\"container\" data-e-type=\"container\" data-settings=\"{&quot;background_background&quot;:&quot;classic&quot;}\">\n\t\t\t\t<div class=\"elementor-element elementor-element-277e050 elementor-widget elementor-widget-text-editor\" data-id=\"277e050\" data-element_type=\"widget\" data-e-type=\"widget\" data-widget_type=\"text-editor.default\">\n\t\t\t\t<div class=\"elementor-widget-container\">\n\t\t\t\t\t\t\t\t\t<p>Nous concevons, d\u00e9ployons et s\u00e9curisons des <strong>infrastructures informatiques performantes<\/strong>, adapt\u00e9es aux exigences des entreprises modernes.<\/p><p>De l\u2019installation et configuration de serveurs au design et \u00e0 l\u2019impl\u00e9mentation de r\u00e9seaux, nous mettons en place des environnements fiables, \u00e9volutifs et optimis\u00e9s. <strong>Nos solutions incluent la sauvegarde des donn\u00e9es, la cybers\u00e9curit\u00e9 avec protection firewall, la virtualisation et data center, ainsi que l\u2019accompagnement Cloud et migration<\/strong> pour garantir continuit\u00e9 et performance.<\/p><p>Nous assurons \u00e9galement un c\u00e2blage r\u00e9seau structur\u00e9 professionnel.<\/p><p><strong>Notre objectif Objectif<\/strong> : vous offrir une infrastructure robuste, s\u00e9curis\u00e9e et pr\u00eate \u00e0 soutenir la croissance de votre entreprise.<\/p>\t\t\t\t\t\t\t\t<\/div>\n\t\t\t\t<\/div>\n\t\t\t\t<\/div>\n\t\t<div class=\"elementor-element elementor-element-4d1f9d8c e-con-full e-flex e-con e-parent\" data-id=\"4d1f9d8c\" data-element_type=\"container\" data-e-type=\"container\" data-settings=\"{&quot;background_background&quot;:&quot;classic&quot;}\">\n\t\t\t\t<div class=\"elementor-element elementor-element-292ce3e6 elementor-position-left elementor-vertical-align-middle animated-slow elementor-invisible elementor-widget elementor-widget-image-box\" data-id=\"292ce3e6\" data-element_type=\"widget\" data-e-type=\"widget\" data-settings=\"{&quot;_animation&quot;:&quot;fadeIn&quot;}\" data-widget_type=\"image-box.default\">\n\t\t\t\t<div class=\"elementor-widget-container\">\n\t\t\t\t\t<div class=\"elementor-image-box-wrapper\"><figure class=\"elementor-image-box-img\"><a href=\"https:\/\/3ivisiongabon.com\/?page_id=2860\" tabindex=\"-1\"><img decoding=\"async\" width=\"150\" height=\"150\" src=\"https:\/\/3ivisiongabon.com\/wp-content\/uploads\/2026\/03\/server-svgrepo-com-1-150x150.png\" class=\"elementor-animation-pulse attachment-thumbnail size-thumbnail wp-image-1795\" alt=\"\" srcset=\"https:\/\/3ivisiongabon.com\/wp-content\/uploads\/2026\/03\/server-svgrepo-com-1-150x150.png 150w, https:\/\/3ivisiongabon.com\/wp-content\/uploads\/2026\/03\/server-svgrepo-com-1-300x300.png 300w, https:\/\/3ivisiongabon.com\/wp-content\/uploads\/2026\/03\/server-svgrepo-com-1-768x768.png 768w, https:\/\/3ivisiongabon.com\/wp-content\/uploads\/2026\/03\/server-svgrepo-com-1-600x600.png 600w, https:\/\/3ivisiongabon.com\/wp-content\/uploads\/2026\/03\/server-svgrepo-com-1-100x100.png 100w, https:\/\/3ivisiongabon.com\/wp-content\/uploads\/2026\/03\/server-svgrepo-com-1.png 800w\" sizes=\"(max-width: 150px) 100vw, 150px\" \/><\/a><\/figure><div class=\"elementor-image-box-content\"><h3 class=\"elementor-image-box-title\"><a href=\"https:\/\/3ivisiongabon.com\/?page_id=2860\">Installation et configuration serveurs<\/a><\/h3><\/div><\/div>\t\t\t\t<\/div>\n\t\t\t\t<\/div>\n\t\t\t\t<div class=\"elementor-element elementor-element-1f72c6dc elementor-position-left elementor-vertical-align-middle animated-slow elementor-invisible elementor-widget elementor-widget-image-box\" data-id=\"1f72c6dc\" data-element_type=\"widget\" data-e-type=\"widget\" data-settings=\"{&quot;_animation&quot;:&quot;fadeIn&quot;}\" data-widget_type=\"image-box.default\">\n\t\t\t\t<div class=\"elementor-widget-container\">\n\t\t\t\t\t<div class=\"elementor-image-box-wrapper\"><figure class=\"elementor-image-box-img\"><a href=\"https:\/\/3ivisiongabon.com\/?page_id=2865\" tabindex=\"-1\"><img decoding=\"async\" width=\"150\" height=\"150\" src=\"https:\/\/3ivisiongabon.com\/wp-content\/uploads\/2026\/03\/networking-server-svgrepo-com-1-1-150x150.png\" class=\"elementor-animation-pulse attachment-thumbnail size-thumbnail wp-image-1791\" alt=\"\" srcset=\"https:\/\/3ivisiongabon.com\/wp-content\/uploads\/2026\/03\/networking-server-svgrepo-com-1-1-150x150.png 150w, https:\/\/3ivisiongabon.com\/wp-content\/uploads\/2026\/03\/networking-server-svgrepo-com-1-1-300x300.png 300w, https:\/\/3ivisiongabon.com\/wp-content\/uploads\/2026\/03\/networking-server-svgrepo-com-1-1-768x768.png 768w, https:\/\/3ivisiongabon.com\/wp-content\/uploads\/2026\/03\/networking-server-svgrepo-com-1-1-600x600.png 600w, https:\/\/3ivisiongabon.com\/wp-content\/uploads\/2026\/03\/networking-server-svgrepo-com-1-1-100x100.png 100w, https:\/\/3ivisiongabon.com\/wp-content\/uploads\/2026\/03\/networking-server-svgrepo-com-1-1.png 800w\" sizes=\"(max-width: 150px) 100vw, 150px\" \/><\/a><\/figure><div class=\"elementor-image-box-content\"><h3 class=\"elementor-image-box-title\"><a href=\"https:\/\/3ivisiongabon.com\/?page_id=2865\">C\u00e2blages r\u00e9seaux structur\u00e9s<\/a><\/h3><\/div><\/div>\t\t\t\t<\/div>\n\t\t\t\t<\/div>\n\t\t\t\t<\/div>\n\t\t<div class=\"elementor-element elementor-element-657a980 e-con-full e-flex e-con e-parent\" data-id=\"657a980\" data-element_type=\"container\" data-e-type=\"container\" data-settings=\"{&quot;background_background&quot;:&quot;classic&quot;}\">\n\t\t\t\t<div class=\"elementor-element elementor-element-bdfa582 elementor-widget elementor-widget-image\" data-id=\"bdfa582\" data-element_type=\"widget\" data-e-type=\"widget\" data-widget_type=\"image.default\">\n\t\t\t\t<div class=\"elementor-widget-container\">\n\t\t\t\t\t\t\t\t\t\t\t\t\t\t\t<img loading=\"lazy\" decoding=\"async\" width=\"1024\" height=\"146\" src=\"https:\/\/3ivisiongabon.com\/wp-content\/uploads\/2026\/03\/20-de-reduction-1-1024x146.png\" class=\"attachment-large size-large wp-image-3248\" alt=\"\" srcset=\"https:\/\/3ivisiongabon.com\/wp-content\/uploads\/2026\/03\/20-de-reduction-1-1024x146.png 1024w, https:\/\/3ivisiongabon.com\/wp-content\/uploads\/2026\/03\/20-de-reduction-1-300x43.png 300w, https:\/\/3ivisiongabon.com\/wp-content\/uploads\/2026\/03\/20-de-reduction-1-768x110.png 768w, https:\/\/3ivisiongabon.com\/wp-content\/uploads\/2026\/03\/20-de-reduction-1-1320x189.png 1320w, https:\/\/3ivisiongabon.com\/wp-content\/uploads\/2026\/03\/20-de-reduction-1-600x86.png 600w, https:\/\/3ivisiongabon.com\/wp-content\/uploads\/2026\/03\/20-de-reduction-1.png 1400w\" sizes=\"(max-width: 1024px) 100vw, 1024px\" \/>\t\t\t\t\t\t\t\t\t\t\t\t\t\t\t<\/div>\n\t\t\t\t<\/div>\n\t\t\t\t<\/div>\n\t\t\t\t<\/div>\n\t\t","protected":false},"excerpt":{"rendered":"<p>Solutions Infrastructures Nous concevons, d\u00e9ployons et s\u00e9curisons des infrastructures informatiques performantes, adapt\u00e9es aux exigences des entreprises modernes. De l\u2019installation et configuration de serveurs au design et \u00e0 l\u2019impl\u00e9mentation de r\u00e9seaux, nous mettons en place des environnements fiables, \u00e9volutifs et optimis\u00e9s. Nos solutions incluent la sauvegarde des donn\u00e9es, la cybers\u00e9curit\u00e9 avec protection firewall, la virtualisation et [&hellip;]<\/p>\n","protected":false},"author":1,"featured_media":0,"parent":0,"menu_order":0,"comment_status":"closed","ping_status":"closed","template":"","meta":{"_monsterinsights_skip_tracking":false,"_monsterinsights_sitenote_active":false,"_monsterinsights_sitenote_note":"","_monsterinsights_sitenote_category":0,"site-sidebar-layout":"no-sidebar","site-content-layout":"page-builder","ast-site-content-layout":"full-width-container","site-content-style":"default","site-sidebar-style":"default","ast-global-header-display":"","ast-banner-title-visibility":"","ast-main-header-display":"","ast-hfb-above-header-display":"","ast-hfb-below-header-display":"","ast-hfb-mobile-header-display":"","site-post-title":"disabled","ast-breadcrumbs-content":"","ast-featured-img":"disabled","footer-sml-layout":"","ast-disable-related-posts":"","theme-transparent-header-meta":"","adv-header-id-meta":"","stick-header-meta":"","header-above-stick-meta":"","header-main-stick-meta":"","header-below-stick-meta":"","astra-migrate-meta-layouts":"default","ast-page-background-enabled":"default","ast-page-background-meta":{"desktop":{"background-color":"","background-image":"","background-repeat":"repeat","background-position":"center center","background-size":"auto","background-attachment":"scroll","background-type":"","background-media":"","overlay-type":"","overlay-color":"","overlay-opacity":"","overlay-gradient":""},"tablet":{"background-color":"","background-image":"","background-repeat":"repeat","background-position":"center center","background-size":"auto","background-attachment":"scroll","background-type":"","background-media":"","overlay-type":"","overlay-color":"","overlay-opacity":"","overlay-gradient":""},"mobile":{"background-color":"","background-image":"","background-repeat":"repeat","background-position":"center center","background-size":"auto","background-attachment":"scroll","background-type":"","background-media":"","overlay-type":"","overlay-color":"","overlay-opacity":"","overlay-gradient":""}},"ast-content-background-meta":{"desktop":{"background-color":"var(--ast-global-color-5)","background-image":"","background-repeat":"repeat","background-position":"center center","background-size":"auto","background-attachment":"scroll","background-type":"","background-media":"","overlay-type":"","overlay-color":"","overlay-opacity":"","overlay-gradient":""},"tablet":{"background-color":"var(--ast-global-color-5)","background-image":"","background-repeat":"repeat","background-position":"center center","background-size":"auto","background-attachment":"scroll","background-type":"","background-media":"","overlay-type":"","overlay-color":"","overlay-opacity":"","overlay-gradient":""},"mobile":{"background-color":"var(--ast-global-color-5)","background-image":"","background-repeat":"repeat","background-position":"center center","background-size":"auto","background-attachment":"scroll","background-type":"","background-media":"","overlay-type":"","overlay-color":"","overlay-opacity":"","overlay-gradient":""}},"footnotes":""},"class_list":["post-2870","page","type-page","status-publish","hentry"],"jetpack_sharing_enabled":true,"_links":{"self":[{"href":"https:\/\/3ivisiongabon.com\/index.php?rest_route=\/wp\/v2\/pages\/2870","targetHints":{"allow":["GET"]}}],"collection":[{"href":"https:\/\/3ivisiongabon.com\/index.php?rest_route=\/wp\/v2\/pages"}],"about":[{"href":"https:\/\/3ivisiongabon.com\/index.php?rest_route=\/wp\/v2\/types\/page"}],"author":[{"embeddable":true,"href":"https:\/\/3ivisiongabon.com\/index.php?rest_route=\/wp\/v2\/users\/1"}],"replies":[{"embeddable":true,"href":"https:\/\/3ivisiongabon.com\/index.php?rest_route=%2Fwp%2Fv2%2Fcomments&post=2870"}],"version-history":[{"count":19,"href":"https:\/\/3ivisiongabon.com\/index.php?rest_route=\/wp\/v2\/pages\/2870\/revisions"}],"predecessor-version":[{"id":3832,"href":"https:\/\/3ivisiongabon.com\/index.php?rest_route=\/wp\/v2\/pages\/2870\/revisions\/3832"}],"wp:attachment":[{"href":"https:\/\/3ivisiongabon.com\/index.php?rest_route=%2Fwp%2Fv2%2Fmedia&parent=2870"}],"curies":[{"name":"wp","href":"https:\/\/api.w.org\/{rel}","templated":true}]}}