{"id":2880,"date":"2026-03-12T23:57:43","date_gmt":"2026-03-12T22:57:43","guid":{"rendered":"https:\/\/3ivisiongabon.com\/?page_id=2880"},"modified":"2026-03-29T19:22:28","modified_gmt":"2026-03-29T17:22:28","slug":"messagerie-hebergee-3i","status":"publish","type":"page","link":"https:\/\/3ivisiongabon.com\/?page_id=2880","title":{"rendered":"Messagerie h\u00e9berg\u00e9e"},"content":{"rendered":"\t\t<div data-elementor-type=\"wp-page\" data-elementor-id=\"2880\" class=\"elementor elementor-2880\">\n\t\t\t\t<div class=\"elementor-element elementor-element-67d295f8 e-con-full e-flex e-con e-parent\" data-id=\"67d295f8\" data-element_type=\"container\" data-e-type=\"container\" data-settings=\"{&quot;background_background&quot;:&quot;classic&quot;}\">\n\t\t<div class=\"elementor-element elementor-element-1a151269 e-con-full e-flex e-con e-child\" data-id=\"1a151269\" data-element_type=\"container\" data-e-type=\"container\" data-settings=\"{&quot;background_background&quot;:&quot;classic&quot;}\">\n\t\t\t\t<div class=\"elementor-element elementor-element-2ea1dda8 elementor-widget elementor-widget-heading\" data-id=\"2ea1dda8\" data-element_type=\"widget\" data-e-type=\"widget\" data-widget_type=\"heading.default\">\n\t\t\t\t<div class=\"elementor-widget-container\">\n\t\t\t\t\t<h2 class=\"elementor-heading-title elementor-size-default\">Messagerie h\u00e9berg\u00e9e<\/h2>\t\t\t\t<\/div>\n\t\t\t\t<\/div>\n\t\t\t\t<\/div>\n\t\t<div class=\"elementor-element elementor-element-789ba859 e-con-full e-flex e-con e-child\" data-id=\"789ba859\" data-element_type=\"container\" data-e-type=\"container\">\n\t\t\t\t<div class=\"elementor-element elementor-element-29f9c6f4 elementor-widget elementor-widget-image\" data-id=\"29f9c6f4\" data-element_type=\"widget\" data-e-type=\"widget\" data-widget_type=\"image.default\">\n\t\t\t\t<div class=\"elementor-widget-container\">\n\t\t\t\t\t\t\t\t\t\t\t\t\t\t\t<img fetchpriority=\"high\" decoding=\"async\" width=\"600\" height=\"339\" src=\"https:\/\/3ivisiongabon.com\/wp-content\/uploads\/2026\/03\/Component-23-2-1-600x339.png\" class=\"attachment-woocommerce_single size-woocommerce_single wp-image-2251\" alt=\"\" srcset=\"https:\/\/3ivisiongabon.com\/wp-content\/uploads\/2026\/03\/Component-23-2-1-600x339.png 600w, https:\/\/3ivisiongabon.com\/wp-content\/uploads\/2026\/03\/Component-23-2-1-300x170.png 300w, https:\/\/3ivisiongabon.com\/wp-content\/uploads\/2026\/03\/Component-23-2-1-768x435.png 768w, https:\/\/3ivisiongabon.com\/wp-content\/uploads\/2026\/03\/Component-23-2-1.png 813w\" sizes=\"(max-width: 600px) 100vw, 600px\" \/>\t\t\t\t\t\t\t\t\t\t\t\t\t\t\t<\/div>\n\t\t\t\t<\/div>\n\t\t\t\t<\/div>\n\t\t\t\t<\/div>\n\t\t<div class=\"elementor-element elementor-element-a0c6ecc e-flex e-con-boxed e-con e-parent\" data-id=\"a0c6ecc\" data-element_type=\"container\" data-e-type=\"container\" data-settings=\"{&quot;background_background&quot;:&quot;classic&quot;}\">\n\t\t\t\t\t<div class=\"e-con-inner\">\n\t\t\t\t<div class=\"elementor-element elementor-element-3928ac98 animated-slow elementor-invisible elementor-widget elementor-widget-text-editor\" data-id=\"3928ac98\" data-element_type=\"widget\" data-e-type=\"widget\" data-settings=\"{&quot;_animation&quot;:&quot;fadeInUp&quot;}\" data-widget_type=\"text-editor.default\">\n\t\t\t\t<div class=\"elementor-widget-container\">\n\t\t\t\t\t\t\t\t\t<p data-start=\"186\" data-end=\"510\">La communication par email est aujourd\u2019hui un outil indispensable pour les entreprises. Avec le service de <strong data-start=\"293\" data-end=\"316\">messagerie h\u00e9berg\u00e9e<\/strong> propos\u00e9 par <strong data-start=\"329\" data-end=\"370\"><span class=\"hover:entity-accent entity-underline inline cursor-pointer align-baseline\"><span class=\"whitespace-normal\">3<span style=\"color: red;\">i<\/span>vision<\/span><\/span><\/strong>, vous b\u00e9n\u00e9ficiez d\u2019une solution professionnelle, s\u00e9curis\u00e9e et accessible \u00e0 tout moment pour g\u00e9rer efficacement vos \u00e9changes professionnels.<\/p><p data-start=\"512\" data-end=\"680\">Notre solution vous permet de disposer d\u2019adresses email professionnelles associ\u00e9es \u00e0 votre nom de domaine, tout en profitant d\u2019une infrastructure fiable et performante.<\/p>\t\t\t\t\t\t\t\t<\/div>\n\t\t\t\t<\/div>\n\t\t\t\t<div class=\"elementor-element elementor-element-216621c8 elementor-widget-divider--view-line elementor-widget elementor-widget-divider\" data-id=\"216621c8\" data-element_type=\"widget\" data-e-type=\"widget\" data-widget_type=\"divider.default\">\n\t\t\t\t<div class=\"elementor-widget-container\">\n\t\t\t\t\t\t\t<div class=\"elementor-divider\">\n\t\t\t<span class=\"elementor-divider-separator\">\n\t\t\t\t\t\t<\/span>\n\t\t<\/div>\n\t\t\t\t\t\t<\/div>\n\t\t\t\t<\/div>\n\t\t\t\t\t<\/div>\n\t\t\t\t<\/div>\n\t\t<div class=\"elementor-element elementor-element-94ba3cd e-flex e-con-boxed e-con e-parent\" data-id=\"94ba3cd\" data-element_type=\"container\" data-e-type=\"container\" data-settings=\"{&quot;background_background&quot;:&quot;classic&quot;}\">\n\t\t\t\t\t<div class=\"e-con-inner\">\n\t\t\t\t<div class=\"elementor-element elementor-element-d7664fc elementor-widget elementor-widget-image\" data-id=\"d7664fc\" data-element_type=\"widget\" data-e-type=\"widget\" data-widget_type=\"image.default\">\n\t\t\t\t<div class=\"elementor-widget-container\">\n\t\t\t\t\t\t\t\t\t\t\t\t\t\t\t<img decoding=\"async\" width=\"187\" height=\"66\" src=\"https:\/\/3ivisiongabon.com\/wp-content\/uploads\/2026\/03\/HCLSoftware-Registered-Reseller-Logo_Black-2-1.png\" class=\"attachment-2048x2048 size-2048x2048 wp-image-3556\" alt=\"\" \/>\t\t\t\t\t\t\t\t\t\t\t\t\t\t\t<\/div>\n\t\t\t\t<\/div>\n\t\t\t\t<div class=\"elementor-element elementor-element-65fdb0b elementor-widget elementor-widget-heading\" data-id=\"65fdb0b\" data-element_type=\"widget\" data-e-type=\"widget\" data-widget_type=\"heading.default\">\n\t\t\t\t<div class=\"elementor-widget-container\">\n\t\t\t\t\t<h2 class=\"elementor-heading-title elementor-size-default\">Notre partenaire officiel<\/h2>\t\t\t\t<\/div>\n\t\t\t\t<\/div>\n\t\t\t\t<div class=\"elementor-element elementor-element-391a666 elementor-widget-divider--view-line elementor-widget elementor-widget-divider\" data-id=\"391a666\" data-element_type=\"widget\" data-e-type=\"widget\" data-widget_type=\"divider.default\">\n\t\t\t\t<div class=\"elementor-widget-container\">\n\t\t\t\t\t\t\t<div class=\"elementor-divider\">\n\t\t\t<span class=\"elementor-divider-separator\">\n\t\t\t\t\t\t<\/span>\n\t\t<\/div>\n\t\t\t\t\t\t<\/div>\n\t\t\t\t<\/div>\n\t\t\t\t\t<\/div>\n\t\t\t\t<\/div>\n\t\t<div class=\"elementor-element elementor-element-6c525dbd e-con-full e-flex e-con e-parent\" data-id=\"6c525dbd\" data-element_type=\"container\" data-e-type=\"container\" data-settings=\"{&quot;background_background&quot;:&quot;classic&quot;}\">\n\t\t<div class=\"elementor-element elementor-element-6f373af2 e-con-full e-flex e-con e-child\" data-id=\"6f373af2\" data-element_type=\"container\" data-e-type=\"container\">\n\t\t\t\t<div class=\"elementor-element elementor-element-371054d2 elementor-widget elementor-widget-heading\" data-id=\"371054d2\" data-element_type=\"widget\" data-e-type=\"widget\" data-widget_type=\"heading.default\">\n\t\t\t\t<div class=\"elementor-widget-container\">\n\t\t\t\t\t<h2 class=\"elementor-heading-title elementor-size-default\">Une messagerie professionnelle et fiable<\/h2>\t\t\t\t<\/div>\n\t\t\t\t<\/div>\n\t\t\t\t<div class=\"elementor-element elementor-element-6c75b5a elementor-widget elementor-widget-text-editor\" data-id=\"6c75b5a\" data-element_type=\"widget\" data-e-type=\"widget\" data-widget_type=\"text-editor.default\">\n\t\t\t\t<div class=\"elementor-widget-container\">\n\t\t\t\t\t\t\t\t\t<p data-start=\"732\" data-end=\"922\">La messagerie h\u00e9berg\u00e9e vous offre un syst\u00e8me de communication stable et s\u00e9curis\u00e9 pour vos \u00e9quipes. Vos emails sont stock\u00e9s sur des serveurs d\u00e9di\u00e9s et accessibles depuis diff\u00e9rents appareils.<\/p><p data-start=\"924\" data-end=\"957\">Les avantages de notre solution :<\/p><ul><li data-start=\"961\" data-end=\"1040\">Cr\u00e9ation d\u2019adresses email professionnelles (ex : <a class=\"decorated-link cursor-pointer\" rel=\"noopener\" data-start=\"1010\" data-end=\"1037\">contact@votreentreprise.com<\/a>)<\/li><li data-start=\"1043\" data-end=\"1105\">Acc\u00e8s \u00e0 vos emails depuis ordinateur, tablette et smartphone<\/li><li data-start=\"1108\" data-end=\"1164\">Synchronisation de vos messages sur tous vos appareils<\/li><li data-start=\"1167\" data-end=\"1212\">Espace de stockage s\u00e9curis\u00e9 pour vos emails<\/li><li data-start=\"1215\" data-end=\"1257\">Protection contre les spams et les virus<\/li><\/ul><p data-start=\"1259\" data-end=\"1363\">Cette solution garantit une <strong data-start=\"1287\" data-end=\"1330\">communication fluide et professionnelle<\/strong> avec vos clients et partenaires.<\/p>\t\t\t\t\t\t\t\t<\/div>\n\t\t\t\t<\/div>\n\t\t\t\t<\/div>\n\t\t<div class=\"elementor-element elementor-element-3467b146 e-con-full e-flex e-con e-child\" data-id=\"3467b146\" data-element_type=\"container\" data-e-type=\"container\">\n\t\t\t\t<div class=\"elementor-element elementor-element-1af5f78c elementor-widget elementor-widget-image\" data-id=\"1af5f78c\" data-element_type=\"widget\" data-e-type=\"widget\" data-widget_type=\"image.default\">\n\t\t\t\t<div class=\"elementor-widget-container\">\n\t\t\t\t\t\t\t\t\t\t\t\t\t\t\t<img decoding=\"async\" width=\"522\" height=\"523\" src=\"https:\/\/3ivisiongabon.com\/wp-content\/uploads\/2026\/03\/Component-22-5.png\" class=\"elementor-animation-hang attachment-large size-large wp-image-2266\" alt=\"\" srcset=\"https:\/\/3ivisiongabon.com\/wp-content\/uploads\/2026\/03\/Component-22-5.png 522w, https:\/\/3ivisiongabon.com\/wp-content\/uploads\/2026\/03\/Component-22-5-300x300.png 300w, https:\/\/3ivisiongabon.com\/wp-content\/uploads\/2026\/03\/Component-22-5-150x150.png 150w, https:\/\/3ivisiongabon.com\/wp-content\/uploads\/2026\/03\/Component-22-5-100x100.png 100w\" sizes=\"(max-width: 522px) 100vw, 522px\" \/>\t\t\t\t\t\t\t\t\t\t\t\t\t\t\t<\/div>\n\t\t\t\t<\/div>\n\t\t\t\t<\/div>\n\t\t\t\t<\/div>\n\t\t<div class=\"elementor-element elementor-element-205b04d7 e-con-full e-flex e-con e-parent\" data-id=\"205b04d7\" data-element_type=\"container\" data-e-type=\"container\" data-settings=\"{&quot;background_background&quot;:&quot;classic&quot;}\">\n\t\t\t\t<div class=\"elementor-element elementor-element-6f0b9975 elementor-widget-divider--view-line elementor-widget elementor-widget-divider\" data-id=\"6f0b9975\" data-element_type=\"widget\" data-e-type=\"widget\" data-widget_type=\"divider.default\">\n\t\t\t\t<div class=\"elementor-widget-container\">\n\t\t\t\t\t\t\t<div class=\"elementor-divider\">\n\t\t\t<span class=\"elementor-divider-separator\">\n\t\t\t\t\t\t<\/span>\n\t\t<\/div>\n\t\t\t\t\t\t<\/div>\n\t\t\t\t<\/div>\n\t\t\t\t<div class=\"elementor-element elementor-element-2b6897f7 elementor-widget-divider--view-line elementor-widget elementor-widget-divider\" data-id=\"2b6897f7\" data-element_type=\"widget\" data-e-type=\"widget\" data-widget_type=\"divider.default\">\n\t\t\t\t<div class=\"elementor-widget-container\">\n\t\t\t\t\t\t\t<div class=\"elementor-divider\">\n\t\t\t<span class=\"elementor-divider-separator\">\n\t\t\t\t\t\t<\/span>\n\t\t<\/div>\n\t\t\t\t\t\t<\/div>\n\t\t\t\t<\/div>\n\t\t\t\t<\/div>\n\t\t<div class=\"elementor-element elementor-element-55bc4e84 e-con-full e-flex e-con e-parent\" data-id=\"55bc4e84\" data-element_type=\"container\" data-e-type=\"container\" data-settings=\"{&quot;background_background&quot;:&quot;classic&quot;}\">\n\t\t<div class=\"elementor-element elementor-element-4cef0a7d e-con-full e-flex e-con e-child\" data-id=\"4cef0a7d\" data-element_type=\"container\" data-e-type=\"container\">\n\t\t\t\t<div class=\"elementor-element elementor-element-60da1244 elementor-widget elementor-widget-image\" data-id=\"60da1244\" data-element_type=\"widget\" data-e-type=\"widget\" data-widget_type=\"image.default\">\n\t\t\t\t<div class=\"elementor-widget-container\">\n\t\t\t\t\t\t\t\t\t\t\t\t\t\t\t<img loading=\"lazy\" decoding=\"async\" width=\"522\" height=\"523\" src=\"https:\/\/3ivisiongabon.com\/wp-content\/uploads\/2026\/03\/Component-22-6.webp\" class=\"elementor-animation-hang attachment-large size-large wp-image-2268\" alt=\"\" srcset=\"https:\/\/3ivisiongabon.com\/wp-content\/uploads\/2026\/03\/Component-22-6.webp 522w, https:\/\/3ivisiongabon.com\/wp-content\/uploads\/2026\/03\/Component-22-6-300x300.webp 300w, https:\/\/3ivisiongabon.com\/wp-content\/uploads\/2026\/03\/Component-22-6-150x150.webp 150w, https:\/\/3ivisiongabon.com\/wp-content\/uploads\/2026\/03\/Component-22-6-100x100.webp 100w\" sizes=\"(max-width: 522px) 100vw, 522px\" \/>\t\t\t\t\t\t\t\t\t\t\t\t\t\t\t<\/div>\n\t\t\t\t<\/div>\n\t\t\t\t<\/div>\n\t\t<div class=\"elementor-element elementor-element-c97b7f2 e-con-full e-flex e-con e-child\" data-id=\"c97b7f2\" data-element_type=\"container\" data-e-type=\"container\">\n\t\t\t\t<div class=\"elementor-element elementor-element-7ea4d572 elementor-widget elementor-widget-heading\" data-id=\"7ea4d572\" data-element_type=\"widget\" data-e-type=\"widget\" data-widget_type=\"heading.default\">\n\t\t\t\t<div class=\"elementor-widget-container\">\n\t\t\t\t\t<h2 class=\"elementor-heading-title elementor-size-default\">S\u00e9curit\u00e9 et continuit\u00e9 de service<\/h2>\t\t\t\t<\/div>\n\t\t\t\t<\/div>\n\t\t\t\t<div class=\"elementor-element elementor-element-3d41d0a5 elementor-widget elementor-widget-text-editor\" data-id=\"3d41d0a5\" data-element_type=\"widget\" data-e-type=\"widget\" data-widget_type=\"text-editor.default\">\n\t\t\t\t<div class=\"elementor-widget-container\">\n\t\t\t\t\t\t\t\t\t<p data-start=\"1408\" data-end=\"1554\">Chez <strong data-start=\"1413\" data-end=\"1454\"><span class=\"hover:entity-accent entity-underline inline cursor-pointer align-baseline\"><span class=\"whitespace-normal\">3<span style=\"color: red;\">i<\/span>vision<\/span><\/span><\/strong>, nous mettons un point d\u2019honneur \u00e0 assurer <strong data-start=\"1498\" data-end=\"1553\">la s\u00e9curit\u00e9 et la disponibilit\u00e9 de votre messagerie<\/strong>.<\/p><p data-start=\"1556\" data-end=\"1579\">Nos services incluent :<\/p><ul><li data-start=\"1583\" data-end=\"1640\">Protection avanc\u00e9e contre les spams et les cybermenaces<\/li><li data-start=\"1643\" data-end=\"1677\">Sauvegarde r\u00e9guli\u00e8re des donn\u00e9es<\/li><li data-start=\"1680\" data-end=\"1726\">Surveillance et maintenance de la plateforme<\/li><li data-start=\"1729\" data-end=\"1770\">Assistance technique en cas de probl\u00e8me<\/li><\/ul><p data-start=\"1772\" data-end=\"1872\">Ainsi, vous b\u00e9n\u00e9ficiez d\u2019une <strong data-start=\"1801\" data-end=\"1871\">messagerie fiable et s\u00e9curis\u00e9e pour votre activit\u00e9 professionnelle<\/strong>.<\/p>\t\t\t\t\t\t\t\t<\/div>\n\t\t\t\t<\/div>\n\t\t\t\t<\/div>\n\t\t\t\t<\/div>\n\t\t<div class=\"elementor-element elementor-element-28ee869f e-con-full e-flex e-con e-parent\" data-id=\"28ee869f\" data-element_type=\"container\" data-e-type=\"container\" data-settings=\"{&quot;background_background&quot;:&quot;classic&quot;}\">\n\t\t\t\t<div class=\"elementor-element elementor-element-fa2a21a elementor-align-center animated-slow elementor-invisible elementor-widget elementor-widget-button\" data-id=\"fa2a21a\" data-element_type=\"widget\" data-e-type=\"widget\" data-settings=\"{&quot;_animation&quot;:&quot;fadeInUp&quot;}\" data-widget_type=\"button.default\">\n\t\t\t\t<div class=\"elementor-widget-container\">\n\t\t\t\t\t\t\t\t\t<div class=\"elementor-button-wrapper\">\n\t\t\t\t\t<a class=\"elementor-button elementor-button-link elementor-size-sm elementor-animation-pulse\" href=\"https:\/\/3ivisiongabon.com\/?page_id=2831\">\n\t\t\t\t\t\t<span class=\"elementor-button-content-wrapper\">\n\t\t\t\t\t\t\t\t\t<span class=\"elementor-button-text\">\u00c9CRIVEZ-NOUS<\/span>\n\t\t\t\t\t<\/span>\n\t\t\t\t\t<\/a>\n\t\t\t\t<\/div>\n\t\t\t\t\t\t\t\t<\/div>\n\t\t\t\t<\/div>\n\t\t\t\t<\/div>\n\t\t<div class=\"elementor-element elementor-element-5abd5f5 e-con-full e-flex e-con e-parent\" data-id=\"5abd5f5\" data-element_type=\"container\" data-e-type=\"container\" data-settings=\"{&quot;background_background&quot;:&quot;classic&quot;}\">\n\t\t\t\t<div class=\"elementor-element elementor-element-12a0987 elementor-widget elementor-widget-image\" data-id=\"12a0987\" data-element_type=\"widget\" data-e-type=\"widget\" data-widget_type=\"image.default\">\n\t\t\t\t<div class=\"elementor-widget-container\">\n\t\t\t\t\t\t\t\t\t\t\t\t\t\t\t<img loading=\"lazy\" decoding=\"async\" width=\"1024\" height=\"146\" src=\"https:\/\/3ivisiongabon.com\/wp-content\/uploads\/2026\/03\/20-de-reduction-1-1024x146.png\" class=\"attachment-large size-large wp-image-3248\" alt=\"\" srcset=\"https:\/\/3ivisiongabon.com\/wp-content\/uploads\/2026\/03\/20-de-reduction-1-1024x146.png 1024w, https:\/\/3ivisiongabon.com\/wp-content\/uploads\/2026\/03\/20-de-reduction-1-300x43.png 300w, https:\/\/3ivisiongabon.com\/wp-content\/uploads\/2026\/03\/20-de-reduction-1-768x110.png 768w, https:\/\/3ivisiongabon.com\/wp-content\/uploads\/2026\/03\/20-de-reduction-1-1320x189.png 1320w, https:\/\/3ivisiongabon.com\/wp-content\/uploads\/2026\/03\/20-de-reduction-1-600x86.png 600w, https:\/\/3ivisiongabon.com\/wp-content\/uploads\/2026\/03\/20-de-reduction-1.png 1400w\" sizes=\"(max-width: 1024px) 100vw, 1024px\" \/>\t\t\t\t\t\t\t\t\t\t\t\t\t\t\t<\/div>\n\t\t\t\t<\/div>\n\t\t\t\t<\/div>\n\t\t\t\t<\/div>\n\t\t","protected":false},"excerpt":{"rendered":"<p>Messagerie h\u00e9berg\u00e9e La communication par email est aujourd\u2019hui un outil indispensable pour les entreprises. Avec le service de messagerie h\u00e9berg\u00e9e propos\u00e9 par 3ivision, vous b\u00e9n\u00e9ficiez d\u2019une solution professionnelle, s\u00e9curis\u00e9e et accessible \u00e0 tout moment pour g\u00e9rer efficacement vos \u00e9changes professionnels. Notre solution vous permet de disposer d\u2019adresses email professionnelles associ\u00e9es \u00e0 votre nom de domaine, [&hellip;]<\/p>\n","protected":false},"author":1,"featured_media":0,"parent":0,"menu_order":0,"comment_status":"closed","ping_status":"closed","template":"","meta":{"_monsterinsights_skip_tracking":false,"_monsterinsights_sitenote_active":false,"_monsterinsights_sitenote_note":"","_monsterinsights_sitenote_category":0,"site-sidebar-layout":"no-sidebar","site-content-layout":"page-builder","ast-site-content-layout":"full-width-container","site-content-style":"default","site-sidebar-style":"default","ast-global-header-display":"","ast-banner-title-visibility":"","ast-main-header-display":"","ast-hfb-above-header-display":"","ast-hfb-below-header-display":"","ast-hfb-mobile-header-display":"","site-post-title":"disabled","ast-breadcrumbs-content":"","ast-featured-img":"disabled","footer-sml-layout":"","ast-disable-related-posts":"","theme-transparent-header-meta":"","adv-header-id-meta":"","stick-header-meta":"","header-above-stick-meta":"","header-main-stick-meta":"","header-below-stick-meta":"","astra-migrate-meta-layouts":"default","ast-page-background-enabled":"default","ast-page-background-meta":{"desktop":{"background-color":"","background-image":"","background-repeat":"repeat","background-position":"center center","background-size":"auto","background-attachment":"scroll","background-type":"","background-media":"","overlay-type":"","overlay-color":"","overlay-opacity":"","overlay-gradient":""},"tablet":{"background-color":"","background-image":"","background-repeat":"repeat","background-position":"center center","background-size":"auto","background-attachment":"scroll","background-type":"","background-media":"","overlay-type":"","overlay-color":"","overlay-opacity":"","overlay-gradient":""},"mobile":{"background-color":"","background-image":"","background-repeat":"repeat","background-position":"center center","background-size":"auto","background-attachment":"scroll","background-type":"","background-media":"","overlay-type":"","overlay-color":"","overlay-opacity":"","overlay-gradient":""}},"ast-content-background-meta":{"desktop":{"background-color":"var(--ast-global-color-5)","background-image":"","background-repeat":"repeat","background-position":"center center","background-size":"auto","background-attachment":"scroll","background-type":"","background-media":"","overlay-type":"","overlay-color":"","overlay-opacity":"","overlay-gradient":""},"tablet":{"background-color":"var(--ast-global-color-5)","background-image":"","background-repeat":"repeat","background-position":"center center","background-size":"auto","background-attachment":"scroll","background-type":"","background-media":"","overlay-type":"","overlay-color":"","overlay-opacity":"","overlay-gradient":""},"mobile":{"background-color":"var(--ast-global-color-5)","background-image":"","background-repeat":"repeat","background-position":"center center","background-size":"auto","background-attachment":"scroll","background-type":"","background-media":"","overlay-type":"","overlay-color":"","overlay-opacity":"","overlay-gradient":""}},"footnotes":""},"class_list":["post-2880","page","type-page","status-publish","hentry"],"jetpack_sharing_enabled":true,"_links":{"self":[{"href":"https:\/\/3ivisiongabon.com\/index.php?rest_route=\/wp\/v2\/pages\/2880","targetHints":{"allow":["GET"]}}],"collection":[{"href":"https:\/\/3ivisiongabon.com\/index.php?rest_route=\/wp\/v2\/pages"}],"about":[{"href":"https:\/\/3ivisiongabon.com\/index.php?rest_route=\/wp\/v2\/types\/page"}],"author":[{"embeddable":true,"href":"https:\/\/3ivisiongabon.com\/index.php?rest_route=\/wp\/v2\/users\/1"}],"replies":[{"embeddable":true,"href":"https:\/\/3ivisiongabon.com\/index.php?rest_route=%2Fwp%2Fv2%2Fcomments&post=2880"}],"version-history":[{"count":35,"href":"https:\/\/3ivisiongabon.com\/index.php?rest_route=\/wp\/v2\/pages\/2880\/revisions"}],"predecessor-version":[{"id":3889,"href":"https:\/\/3ivisiongabon.com\/index.php?rest_route=\/wp\/v2\/pages\/2880\/revisions\/3889"}],"wp:attachment":[{"href":"https:\/\/3ivisiongabon.com\/index.php?rest_route=%2Fwp%2Fv2%2Fmedia&parent=2880"}],"curies":[{"name":"wp","href":"https:\/\/api.w.org\/{rel}","templated":true}]}}