{"id":2902,"date":"2026-03-13T00:41:17","date_gmt":"2026-03-12T23:41:17","guid":{"rendered":"https:\/\/3ivisiongabon.com\/?page_id=2902"},"modified":"2026-03-29T19:17:43","modified_gmt":"2026-03-29T17:17:43","slug":"solutions-elv-3i","status":"publish","type":"page","link":"https:\/\/3ivisiongabon.com\/?page_id=2902","title":{"rendered":"Solutions ELV"},"content":{"rendered":"\t\t<div data-elementor-type=\"wp-page\" data-elementor-id=\"2902\" class=\"elementor elementor-2902\">\n\t\t\t\t<div class=\"elementor-element elementor-element-64e403e e-con-full e-flex e-con e-parent\" data-id=\"64e403e\" data-element_type=\"container\" data-e-type=\"container\" data-settings=\"{&quot;background_background&quot;:&quot;classic&quot;}\">\n\t\t<div class=\"elementor-element elementor-element-22d33705 e-con-full e-flex e-con e-child\" data-id=\"22d33705\" data-element_type=\"container\" data-e-type=\"container\">\n\t\t\t\t<div class=\"elementor-element elementor-element-555f159c elementor-widget elementor-widget-heading\" data-id=\"555f159c\" data-element_type=\"widget\" data-e-type=\"widget\" data-widget_type=\"heading.default\">\n\t\t\t\t<div class=\"elementor-widget-container\">\n\t\t\t\t\t<h2 class=\"elementor-heading-title elementor-size-default\">Solutions ELV<\/h2>\t\t\t\t<\/div>\n\t\t\t\t<\/div>\n\t\t\t\t<\/div>\n\t\t<div class=\"elementor-element elementor-element-f046813 e-con-full e-flex e-con e-child\" data-id=\"f046813\" data-element_type=\"container\" data-e-type=\"container\">\n\t\t\t\t<div class=\"elementor-element elementor-element-2ca49fcf elementor-widget elementor-widget-image\" data-id=\"2ca49fcf\" data-element_type=\"widget\" data-e-type=\"widget\" data-widget_type=\"image.default\">\n\t\t\t\t<div class=\"elementor-widget-container\">\n\t\t\t\t\t\t\t\t\t\t\t\t\t\t\t<img fetchpriority=\"high\" decoding=\"async\" width=\"831\" height=\"543\" src=\"https:\/\/3ivisiongabon.com\/wp-content\/uploads\/2026\/03\/Component-13-1.png\" class=\"attachment-large size-large wp-image-1763\" alt=\"\" srcset=\"https:\/\/3ivisiongabon.com\/wp-content\/uploads\/2026\/03\/Component-13-1.png 831w, https:\/\/3ivisiongabon.com\/wp-content\/uploads\/2026\/03\/Component-13-1-300x196.png 300w, https:\/\/3ivisiongabon.com\/wp-content\/uploads\/2026\/03\/Component-13-1-768x502.png 768w, https:\/\/3ivisiongabon.com\/wp-content\/uploads\/2026\/03\/Component-13-1-600x392.png 600w\" sizes=\"(max-width: 831px) 100vw, 831px\" \/>\t\t\t\t\t\t\t\t\t\t\t\t\t\t\t<\/div>\n\t\t\t\t<\/div>\n\t\t\t\t<\/div>\n\t\t\t\t<\/div>\n\t\t<div class=\"elementor-element elementor-element-371a031 e-con-full e-flex e-con e-parent\" data-id=\"371a031\" data-element_type=\"container\" data-e-type=\"container\" data-settings=\"{&quot;background_background&quot;:&quot;classic&quot;}\">\n\t\t\t\t<div class=\"elementor-element elementor-element-f587c73 elementor-widget elementor-widget-text-editor\" data-id=\"f587c73\" data-element_type=\"widget\" data-e-type=\"widget\" data-widget_type=\"text-editor.default\">\n\t\t\t\t<div class=\"elementor-widget-container\">\n\t\t\t\t\t\t\t\t\t<p data-start=\"24\" data-end=\"220\">Nos solutions ELV (Extra Low Voltage) vous offrent un dispositif complet de s\u00e9curit\u00e9 et de contr\u00f4le, con\u00e7u pour prot\u00e9ger efficacement vos infrastructures, vos collaborateurs et vos transactions.<\/p><p data-start=\"222\" data-end=\"757\">De la <strong data-start=\"228\" data-end=\"256\">vid\u00e9osurveillance (CCTV)<\/strong> haute d\u00e9finition permettant une supervision en temps r\u00e9el et un enregistrement s\u00e9curis\u00e9, aux <strong data-start=\"350\" data-end=\"382\">syst\u00e8mes de contr\u00f4le d\u2019acc\u00e8s<\/strong> assurant une gestion intelligente et tra\u00e7able des entr\u00e9es et sorties, nous mettons en place des dispositifs fiables, \u00e9volutifs et adapt\u00e9s \u00e0 votre environnement. Nos <strong data-start=\"548\" data-end=\"572\">solutions mon\u00e9tiques<\/strong>, quant \u00e0 elles, garantissent des transactions \u00e9lectroniques s\u00e9curis\u00e9es, rapides et conformes aux standards en vigueur, r\u00e9pondant aux exigences des banques, commerces et institutions.<\/p><p data-start=\"759\" data-end=\"962\" data-is-last-node=\"\" data-is-only-node=\"\">Avec <strong>3<span style=\"color: red;\">i<\/span>vision<\/strong>, vous b\u00e9n\u00e9ficiez d\u2019installations modernes, performantes et int\u00e9gr\u00e9es, pens\u00e9es pour renforcer la s\u00e9curit\u00e9, r\u00e9duire les risques et am\u00e9liorer l\u2019efficacit\u00e9 op\u00e9rationnelle de votre organisation.<\/p>\t\t\t\t\t\t\t\t<\/div>\n\t\t\t\t<\/div>\n\t\t\t\t<\/div>\n\t\t<div class=\"elementor-element elementor-element-41fa6a8c e-con-full e-flex e-con e-parent\" data-id=\"41fa6a8c\" data-element_type=\"container\" data-e-type=\"container\" data-settings=\"{&quot;background_background&quot;:&quot;classic&quot;}\">\n\t\t\t\t<div class=\"elementor-element elementor-element-52fb65ef elementor-position-left elementor-vertical-align-middle animated-slow elementor-invisible elementor-widget elementor-widget-image-box\" data-id=\"52fb65ef\" data-element_type=\"widget\" data-e-type=\"widget\" data-settings=\"{&quot;_animation&quot;:&quot;fadeInLeft&quot;}\" data-widget_type=\"image-box.default\">\n\t\t\t\t<div class=\"elementor-widget-container\">\n\t\t\t\t\t<div class=\"elementor-image-box-wrapper\"><figure class=\"elementor-image-box-img\"><a href=\"https:\/\/3ivisiongabon.com\/?page_id=2897\" tabindex=\"-1\"><img decoding=\"async\" width=\"150\" height=\"150\" src=\"https:\/\/3ivisiongabon.com\/wp-content\/uploads\/2026\/03\/universal-acces-svgrepo-com-1-150x150.png\" class=\"elementor-animation-pulse attachment-thumbnail size-thumbnail wp-image-1756\" alt=\"\" srcset=\"https:\/\/3ivisiongabon.com\/wp-content\/uploads\/2026\/03\/universal-acces-svgrepo-com-1-150x150.png 150w, https:\/\/3ivisiongabon.com\/wp-content\/uploads\/2026\/03\/universal-acces-svgrepo-com-1-300x300.png 300w, https:\/\/3ivisiongabon.com\/wp-content\/uploads\/2026\/03\/universal-acces-svgrepo-com-1-768x768.png 768w, https:\/\/3ivisiongabon.com\/wp-content\/uploads\/2026\/03\/universal-acces-svgrepo-com-1-600x600.png 600w, https:\/\/3ivisiongabon.com\/wp-content\/uploads\/2026\/03\/universal-acces-svgrepo-com-1-100x100.png 100w, https:\/\/3ivisiongabon.com\/wp-content\/uploads\/2026\/03\/universal-acces-svgrepo-com-1.png 800w\" sizes=\"(max-width: 150px) 100vw, 150px\" \/><\/a><\/figure><div class=\"elementor-image-box-content\"><h3 class=\"elementor-image-box-title\"><a href=\"https:\/\/3ivisiongabon.com\/?page_id=2897\">contr\u00f4le d\u2019acc\u00e8s<\/a><\/h3><\/div><\/div>\t\t\t\t<\/div>\n\t\t\t\t<\/div>\n\t\t\t\t<div class=\"elementor-element elementor-element-61af6508 elementor-position-left elementor-vertical-align-middle animated-slow elementor-invisible elementor-widget elementor-widget-image-box\" data-id=\"61af6508\" data-element_type=\"widget\" data-e-type=\"widget\" data-settings=\"{&quot;_animation&quot;:&quot;fadeInUp&quot;}\" data-widget_type=\"image-box.default\">\n\t\t\t\t<div class=\"elementor-widget-container\">\n\t\t\t\t\t<div class=\"elementor-image-box-wrapper\"><figure class=\"elementor-image-box-img\"><a href=\"https:\/\/3ivisiongabon.com\/?page_id=2907\" tabindex=\"-1\"><img decoding=\"async\" width=\"150\" height=\"150\" src=\"https:\/\/3ivisiongabon.com\/wp-content\/uploads\/2026\/03\/surveillance-camera-1-svgrepo-com-1-150x150.png\" class=\"elementor-animation-pulse attachment-thumbnail size-thumbnail wp-image-1751\" alt=\"\" srcset=\"https:\/\/3ivisiongabon.com\/wp-content\/uploads\/2026\/03\/surveillance-camera-1-svgrepo-com-1-150x150.png 150w, https:\/\/3ivisiongabon.com\/wp-content\/uploads\/2026\/03\/surveillance-camera-1-svgrepo-com-1-300x300.png 300w, https:\/\/3ivisiongabon.com\/wp-content\/uploads\/2026\/03\/surveillance-camera-1-svgrepo-com-1-768x768.png 768w, https:\/\/3ivisiongabon.com\/wp-content\/uploads\/2026\/03\/surveillance-camera-1-svgrepo-com-1-600x600.png 600w, https:\/\/3ivisiongabon.com\/wp-content\/uploads\/2026\/03\/surveillance-camera-1-svgrepo-com-1-100x100.png 100w, https:\/\/3ivisiongabon.com\/wp-content\/uploads\/2026\/03\/surveillance-camera-1-svgrepo-com-1.png 800w\" sizes=\"(max-width: 150px) 100vw, 150px\" \/><\/a><\/figure><div class=\"elementor-image-box-content\"><h3 class=\"elementor-image-box-title\"><a href=\"https:\/\/3ivisiongabon.com\/?page_id=2907\">vid\u00e9osurveillance (CCTV)<\/a><\/h3><\/div><\/div>\t\t\t\t<\/div>\n\t\t\t\t<\/div>\n\t\t\t\t<div class=\"elementor-element elementor-element-4edca504 elementor-position-left elementor-vertical-align-middle animated-slow elementor-invisible elementor-widget elementor-widget-image-box\" data-id=\"4edca504\" data-element_type=\"widget\" data-e-type=\"widget\" data-settings=\"{&quot;_animation&quot;:&quot;fadeInRight&quot;}\" data-widget_type=\"image-box.default\">\n\t\t\t\t<div class=\"elementor-widget-container\">\n\t\t\t\t\t<div class=\"elementor-image-box-wrapper\"><figure class=\"elementor-image-box-img\"><a href=\"https:\/\/3ivisiongabon.com\/?page_id=2917\" tabindex=\"-1\"><img loading=\"lazy\" decoding=\"async\" width=\"150\" height=\"150\" src=\"https:\/\/3ivisiongabon.com\/wp-content\/uploads\/2026\/03\/money-stack-svgrepo-com-1-150x150.png\" class=\"elementor-animation-pulse attachment-thumbnail size-thumbnail wp-image-1758\" alt=\"\" srcset=\"https:\/\/3ivisiongabon.com\/wp-content\/uploads\/2026\/03\/money-stack-svgrepo-com-1-150x150.png 150w, https:\/\/3ivisiongabon.com\/wp-content\/uploads\/2026\/03\/money-stack-svgrepo-com-1-300x300.png 300w, https:\/\/3ivisiongabon.com\/wp-content\/uploads\/2026\/03\/money-stack-svgrepo-com-1-768x768.png 768w, https:\/\/3ivisiongabon.com\/wp-content\/uploads\/2026\/03\/money-stack-svgrepo-com-1-600x600.png 600w, https:\/\/3ivisiongabon.com\/wp-content\/uploads\/2026\/03\/money-stack-svgrepo-com-1-100x100.png 100w, https:\/\/3ivisiongabon.com\/wp-content\/uploads\/2026\/03\/money-stack-svgrepo-com-1.png 800w\" sizes=\"(max-width: 150px) 100vw, 150px\" \/><\/a><\/figure><div class=\"elementor-image-box-content\"><h3 class=\"elementor-image-box-title\"><a href=\"https:\/\/3ivisiongabon.com\/?page_id=2917\">Mon\u00e9tiques<\/a><\/h3><\/div><\/div>\t\t\t\t<\/div>\n\t\t\t\t<\/div>\n\t\t\t\t<\/div>\n\t\t<div class=\"elementor-element elementor-element-b54adab e-con-full e-flex e-con e-parent\" data-id=\"b54adab\" data-element_type=\"container\" data-e-type=\"container\" data-settings=\"{&quot;background_background&quot;:&quot;classic&quot;}\">\n\t\t\t\t<div class=\"elementor-element elementor-element-c736ccb elementor-widget elementor-widget-image\" data-id=\"c736ccb\" data-element_type=\"widget\" data-e-type=\"widget\" data-widget_type=\"image.default\">\n\t\t\t\t<div class=\"elementor-widget-container\">\n\t\t\t\t\t\t\t\t\t\t\t\t\t\t\t<img loading=\"lazy\" decoding=\"async\" width=\"1024\" height=\"146\" src=\"https:\/\/3ivisiongabon.com\/wp-content\/uploads\/2026\/03\/20-de-reduction-1-1024x146.png\" class=\"attachment-large size-large wp-image-3248\" alt=\"\" srcset=\"https:\/\/3ivisiongabon.com\/wp-content\/uploads\/2026\/03\/20-de-reduction-1-1024x146.png 1024w, https:\/\/3ivisiongabon.com\/wp-content\/uploads\/2026\/03\/20-de-reduction-1-300x43.png 300w, https:\/\/3ivisiongabon.com\/wp-content\/uploads\/2026\/03\/20-de-reduction-1-768x110.png 768w, https:\/\/3ivisiongabon.com\/wp-content\/uploads\/2026\/03\/20-de-reduction-1-1320x189.png 1320w, https:\/\/3ivisiongabon.com\/wp-content\/uploads\/2026\/03\/20-de-reduction-1-600x86.png 600w, https:\/\/3ivisiongabon.com\/wp-content\/uploads\/2026\/03\/20-de-reduction-1.png 1400w\" sizes=\"(max-width: 1024px) 100vw, 1024px\" \/>\t\t\t\t\t\t\t\t\t\t\t\t\t\t\t<\/div>\n\t\t\t\t<\/div>\n\t\t\t\t<\/div>\n\t\t\t\t<\/div>\n\t\t","protected":false},"excerpt":{"rendered":"<p>Solutions ELV Nos solutions ELV (Extra Low Voltage) vous offrent un dispositif complet de s\u00e9curit\u00e9 et de contr\u00f4le, con\u00e7u pour prot\u00e9ger efficacement vos infrastructures, vos collaborateurs et vos transactions. De la vid\u00e9osurveillance (CCTV) haute d\u00e9finition permettant une supervision en temps r\u00e9el et un enregistrement s\u00e9curis\u00e9, aux syst\u00e8mes de contr\u00f4le d\u2019acc\u00e8s assurant une gestion intelligente et [&hellip;]<\/p>\n","protected":false},"author":1,"featured_media":0,"parent":0,"menu_order":0,"comment_status":"closed","ping_status":"closed","template":"","meta":{"_monsterinsights_skip_tracking":false,"_monsterinsights_sitenote_active":false,"_monsterinsights_sitenote_note":"","_monsterinsights_sitenote_category":0,"site-sidebar-layout":"no-sidebar","site-content-layout":"page-builder","ast-site-content-layout":"full-width-container","site-content-style":"default","site-sidebar-style":"default","ast-global-header-display":"","ast-banner-title-visibility":"","ast-main-header-display":"","ast-hfb-above-header-display":"","ast-hfb-below-header-display":"","ast-hfb-mobile-header-display":"","site-post-title":"disabled","ast-breadcrumbs-content":"","ast-featured-img":"disabled","footer-sml-layout":"","ast-disable-related-posts":"","theme-transparent-header-meta":"","adv-header-id-meta":"","stick-header-meta":"","header-above-stick-meta":"","header-main-stick-meta":"","header-below-stick-meta":"","astra-migrate-meta-layouts":"default","ast-page-background-enabled":"default","ast-page-background-meta":{"desktop":{"background-color":"","background-image":"","background-repeat":"repeat","background-position":"center center","background-size":"auto","background-attachment":"scroll","background-type":"","background-media":"","overlay-type":"","overlay-color":"","overlay-opacity":"","overlay-gradient":""},"tablet":{"background-color":"","background-image":"","background-repeat":"repeat","background-position":"center center","background-size":"auto","background-attachment":"scroll","background-type":"","background-media":"","overlay-type":"","overlay-color":"","overlay-opacity":"","overlay-gradient":""},"mobile":{"background-color":"","background-image":"","background-repeat":"repeat","background-position":"center center","background-size":"auto","background-attachment":"scroll","background-type":"","background-media":"","overlay-type":"","overlay-color":"","overlay-opacity":"","overlay-gradient":""}},"ast-content-background-meta":{"desktop":{"background-color":"var(--ast-global-color-5)","background-image":"","background-repeat":"repeat","background-position":"center center","background-size":"auto","background-attachment":"scroll","background-type":"","background-media":"","overlay-type":"","overlay-color":"","overlay-opacity":"","overlay-gradient":""},"tablet":{"background-color":"var(--ast-global-color-5)","background-image":"","background-repeat":"repeat","background-position":"center center","background-size":"auto","background-attachment":"scroll","background-type":"","background-media":"","overlay-type":"","overlay-color":"","overlay-opacity":"","overlay-gradient":""},"mobile":{"background-color":"var(--ast-global-color-5)","background-image":"","background-repeat":"repeat","background-position":"center center","background-size":"auto","background-attachment":"scroll","background-type":"","background-media":"","overlay-type":"","overlay-color":"","overlay-opacity":"","overlay-gradient":""}},"footnotes":""},"class_list":["post-2902","page","type-page","status-publish","hentry"],"jetpack_sharing_enabled":true,"_links":{"self":[{"href":"https:\/\/3ivisiongabon.com\/index.php?rest_route=\/wp\/v2\/pages\/2902","targetHints":{"allow":["GET"]}}],"collection":[{"href":"https:\/\/3ivisiongabon.com\/index.php?rest_route=\/wp\/v2\/pages"}],"about":[{"href":"https:\/\/3ivisiongabon.com\/index.php?rest_route=\/wp\/v2\/types\/page"}],"author":[{"embeddable":true,"href":"https:\/\/3ivisiongabon.com\/index.php?rest_route=\/wp\/v2\/users\/1"}],"replies":[{"embeddable":true,"href":"https:\/\/3ivisiongabon.com\/index.php?rest_route=%2Fwp%2Fv2%2Fcomments&post=2902"}],"version-history":[{"count":19,"href":"https:\/\/3ivisiongabon.com\/index.php?rest_route=\/wp\/v2\/pages\/2902\/revisions"}],"predecessor-version":[{"id":3885,"href":"https:\/\/3ivisiongabon.com\/index.php?rest_route=\/wp\/v2\/pages\/2902\/revisions\/3885"}],"wp:attachment":[{"href":"https:\/\/3ivisiongabon.com\/index.php?rest_route=%2Fwp%2Fv2%2Fmedia&parent=2902"}],"curies":[{"name":"wp","href":"https:\/\/api.w.org\/{rel}","templated":true}]}}