{"id":2912,"date":"2026-03-13T00:45:07","date_gmt":"2026-03-12T23:45:07","guid":{"rendered":"https:\/\/3ivisiongabon.com\/?page_id=2912"},"modified":"2026-03-29T19:26:45","modified_gmt":"2026-03-29T17:26:45","slug":"controle-dacces-3i","status":"publish","type":"page","link":"https:\/\/3ivisiongabon.com\/?page_id=2912","title":{"rendered":"Contr\u00f4le d\u2019acc\u00e8s"},"content":{"rendered":"\t\t<div data-elementor-type=\"wp-page\" data-elementor-id=\"2912\" class=\"elementor elementor-2912\">\n\t\t\t\t<div class=\"elementor-element elementor-element-17fd34f5 e-con-full e-flex e-con e-parent\" data-id=\"17fd34f5\" data-element_type=\"container\" data-e-type=\"container\" data-settings=\"{&quot;background_background&quot;:&quot;classic&quot;}\">\n\t\t<div class=\"elementor-element elementor-element-510dbd9c e-con-full e-flex e-con e-child\" data-id=\"510dbd9c\" data-element_type=\"container\" data-e-type=\"container\">\n\t\t\t\t<div class=\"elementor-element elementor-element-ea5ab99 elementor-widget elementor-widget-heading\" data-id=\"ea5ab99\" data-element_type=\"widget\" data-e-type=\"widget\" data-widget_type=\"heading.default\">\n\t\t\t\t<div class=\"elementor-widget-container\">\n\t\t\t\t\t<h2 class=\"elementor-heading-title elementor-size-default\">Contr\u00f4le d\u2019acc\u00e8s<\/h2>\t\t\t\t<\/div>\n\t\t\t\t<\/div>\n\t\t\t\t<\/div>\n\t\t<div class=\"elementor-element elementor-element-f285cbd e-con-full e-flex e-con e-child\" data-id=\"f285cbd\" data-element_type=\"container\" data-e-type=\"container\">\n\t\t\t\t<div class=\"elementor-element elementor-element-3198506d animated-slow elementor-invisible elementor-widget elementor-widget-image\" data-id=\"3198506d\" data-element_type=\"widget\" data-e-type=\"widget\" data-settings=\"{&quot;_animation&quot;:&quot;fadeInRight&quot;}\" data-widget_type=\"image.default\">\n\t\t\t\t<div class=\"elementor-widget-container\">\n\t\t\t\t\t\t\t\t\t\t\t\t\t\t\t<img fetchpriority=\"high\" decoding=\"async\" width=\"1024\" height=\"541\" src=\"https:\/\/3ivisiongabon.com\/wp-content\/uploads\/2026\/03\/Component-19-5-1024x541.webp\" class=\"attachment-large size-large wp-image-2353\" alt=\"\" srcset=\"https:\/\/3ivisiongabon.com\/wp-content\/uploads\/2026\/03\/Component-19-5-1024x541.webp 1024w, https:\/\/3ivisiongabon.com\/wp-content\/uploads\/2026\/03\/Component-19-5-300x159.webp 300w, https:\/\/3ivisiongabon.com\/wp-content\/uploads\/2026\/03\/Component-19-5-768x406.webp 768w, https:\/\/3ivisiongabon.com\/wp-content\/uploads\/2026\/03\/Component-19-5-600x317.webp 600w, https:\/\/3ivisiongabon.com\/wp-content\/uploads\/2026\/03\/Component-19-5.webp 1347w\" sizes=\"(max-width: 1024px) 100vw, 1024px\" \/>\t\t\t\t\t\t\t\t\t\t\t\t\t\t\t<\/div>\n\t\t\t\t<\/div>\n\t\t\t\t<\/div>\n\t\t\t\t<\/div>\n\t\t<div class=\"elementor-element elementor-element-69180c1 e-flex e-con-boxed e-con e-parent\" data-id=\"69180c1\" data-element_type=\"container\" data-e-type=\"container\" data-settings=\"{&quot;background_background&quot;:&quot;classic&quot;}\">\n\t\t\t\t\t<div class=\"e-con-inner\">\n\t\t\t\t<div class=\"elementor-element elementor-element-875e610 animated-slow elementor-invisible elementor-widget elementor-widget-text-editor\" data-id=\"875e610\" data-element_type=\"widget\" data-e-type=\"widget\" data-settings=\"{&quot;_animation&quot;:&quot;fadeInUp&quot;}\" data-widget_type=\"text-editor.default\">\n\t\t\t\t<div class=\"elementor-widget-container\">\n\t\t\t\t\t\t\t\t\t<p data-start=\"163\" data-end=\"508\">La gestion des acc\u00e8s est un \u00e9l\u00e9ment essentiel pour assurer la s\u00e9curit\u00e9 des entreprises, des institutions et des b\u00e2timents professionnels. Avec les solutions de <strong data-start=\"323\" data-end=\"343\">contr\u00f4le d\u2019acc\u00e8s<\/strong> propos\u00e9es par <strong data-start=\"358\" data-end=\"399\"><span class=\"hover:entity-accent entity-underline inline cursor-pointer align-baseline\"><span class=\"whitespace-normal\">3<span style=\"color: red;\">i<\/span>vision<\/span><\/span><\/strong>, vous pouvez contr\u00f4ler, s\u00e9curiser et g\u00e9rer efficacement l\u2019entr\u00e9e et la sortie des personnes dans vos locaux.<\/p><p data-start=\"510\" data-end=\"692\">Nos syst\u00e8mes permettent de <strong data-start=\"537\" data-end=\"580\">restreindre l\u2019acc\u00e8s aux zones sensibles<\/strong>, d\u2019am\u00e9liorer la s\u00e9curit\u00e9 et de garantir une meilleure tra\u00e7abilit\u00e9 des mouvements au sein de votre organisation.<\/p>\t\t\t\t\t\t\t\t<\/div>\n\t\t\t\t<\/div>\n\t\t\t\t\t<\/div>\n\t\t\t\t<\/div>\n\t\t<div class=\"elementor-element elementor-element-79617486 e-flex e-con-boxed e-con e-parent\" data-id=\"79617486\" data-element_type=\"container\" data-e-type=\"container\" data-settings=\"{&quot;background_background&quot;:&quot;classic&quot;}\">\n\t\t\t\t\t<div class=\"e-con-inner\">\n\t\t\t\t<div class=\"elementor-element elementor-element-35789f16 elementor-widget-divider--view-line elementor-widget elementor-widget-divider\" data-id=\"35789f16\" data-element_type=\"widget\" data-e-type=\"widget\" data-widget_type=\"divider.default\">\n\t\t\t\t<div class=\"elementor-widget-container\">\n\t\t\t\t\t\t\t<div class=\"elementor-divider\">\n\t\t\t<span class=\"elementor-divider-separator\">\n\t\t\t\t\t\t<\/span>\n\t\t<\/div>\n\t\t\t\t\t\t<\/div>\n\t\t\t\t<\/div>\n\t\t\t\t\t<\/div>\n\t\t\t\t<\/div>\n\t\t<div class=\"elementor-element elementor-element-597b1c58 e-con-full e-flex e-con e-parent\" data-id=\"597b1c58\" data-element_type=\"container\" data-e-type=\"container\" data-settings=\"{&quot;background_background&quot;:&quot;classic&quot;}\">\n\t\t<div class=\"elementor-element elementor-element-3a9c6b04 e-con-full e-flex e-con e-child\" data-id=\"3a9c6b04\" data-element_type=\"container\" data-e-type=\"container\">\n\t\t\t\t<div class=\"elementor-element elementor-element-584fc193 elementor-widget elementor-widget-heading\" data-id=\"584fc193\" data-element_type=\"widget\" data-e-type=\"widget\" data-widget_type=\"heading.default\">\n\t\t\t\t<div class=\"elementor-widget-container\">\n\t\t\t\t\t<h2 class=\"elementor-heading-title elementor-size-default\">Une s\u00e9curit\u00e9 intelligente pour vos locaux<\/h2>\t\t\t\t<\/div>\n\t\t\t\t<\/div>\n\t\t\t\t<div class=\"elementor-element elementor-element-68331251 elementor-widget elementor-widget-text-editor\" data-id=\"68331251\" data-element_type=\"widget\" data-e-type=\"widget\" data-widget_type=\"text-editor.default\">\n\t\t\t\t<div class=\"elementor-widget-container\">\n\t\t\t\t\t\t\t\t\t<p data-start=\"745\" data-end=\"961\">Les solutions de contr\u00f4le d\u2019acc\u00e8s permettent d\u2019autoriser uniquement les personnes habilit\u00e9es \u00e0 acc\u00e9der \u00e0 certains espaces. Gr\u00e2ce \u00e0 des technologies modernes, vous pouvez g\u00e9rer les acc\u00e8s de mani\u00e8re simple et efficace.<\/p><p data-start=\"963\" data-end=\"987\">Nos solutions incluent :<\/p><ul><li data-start=\"991\" data-end=\"1043\">Syst\u00e8mes d\u2019acc\u00e8s par <strong data-start=\"1012\" data-end=\"1041\">badge ou carte magn\u00e9tique<\/strong><\/li><li data-start=\"1046\" data-end=\"1098\">Contr\u00f4le d\u2019acc\u00e8s par <strong data-start=\"1067\" data-end=\"1096\">code ou clavier num\u00e9rique<\/strong><\/li><li data-start=\"1101\" data-end=\"1157\">Acc\u00e8s s\u00e9curis\u00e9 par <strong data-start=\"1120\" data-end=\"1155\">empreinte digitale ou biom\u00e9trie<\/strong><\/li><li data-start=\"1160\" data-end=\"1191\">Gestion centralis\u00e9e des acc\u00e8s<\/li><li data-start=\"1194\" data-end=\"1238\">Historique et suivi des entr\u00e9es et sorties<\/li><li data-start=\"1241\" data-end=\"1291\">Int\u00e9gration avec les syst\u00e8mes de vid\u00e9osurveillance<\/li><\/ul><p data-start=\"1293\" data-end=\"1405\">Ces technologies permettent de <strong data-start=\"1324\" data-end=\"1404\">renforcer la s\u00e9curit\u00e9 et d\u2019am\u00e9liorer la gestion des acc\u00e8s dans vos b\u00e2timents<\/strong>.<\/p>\t\t\t\t\t\t\t\t<\/div>\n\t\t\t\t<\/div>\n\t\t\t\t<\/div>\n\t\t<div class=\"elementor-element elementor-element-709d8783 e-con-full e-flex e-con e-child\" data-id=\"709d8783\" data-element_type=\"container\" data-e-type=\"container\">\n\t\t\t\t<div class=\"elementor-element elementor-element-18ac4922 animated-slow elementor-invisible elementor-widget elementor-widget-image\" data-id=\"18ac4922\" data-element_type=\"widget\" data-e-type=\"widget\" data-settings=\"{&quot;_animation&quot;:&quot;fadeInRight&quot;}\" data-widget_type=\"image.default\">\n\t\t\t\t<div class=\"elementor-widget-container\">\n\t\t\t\t\t\t\t\t\t\t\t\t\t\t\t<img decoding=\"async\" width=\"1024\" height=\"541\" src=\"https:\/\/3ivisiongabon.com\/wp-content\/uploads\/2026\/03\/Component-19-6-1024x541.webp\" class=\"attachment-large size-large wp-image-2358\" alt=\"\" srcset=\"https:\/\/3ivisiongabon.com\/wp-content\/uploads\/2026\/03\/Component-19-6-1024x541.webp 1024w, https:\/\/3ivisiongabon.com\/wp-content\/uploads\/2026\/03\/Component-19-6-300x159.webp 300w, https:\/\/3ivisiongabon.com\/wp-content\/uploads\/2026\/03\/Component-19-6-768x406.webp 768w, https:\/\/3ivisiongabon.com\/wp-content\/uploads\/2026\/03\/Component-19-6-600x317.webp 600w, https:\/\/3ivisiongabon.com\/wp-content\/uploads\/2026\/03\/Component-19-6.webp 1347w\" sizes=\"(max-width: 1024px) 100vw, 1024px\" \/>\t\t\t\t\t\t\t\t\t\t\t\t\t\t\t<\/div>\n\t\t\t\t<\/div>\n\t\t\t\t<div class=\"elementor-element elementor-element-2b54b7c elementor-widget elementor-widget-video\" data-id=\"2b54b7c\" data-element_type=\"widget\" data-e-type=\"widget\" data-settings=\"{&quot;video_type&quot;:&quot;hosted&quot;,&quot;autoplay&quot;:&quot;yes&quot;,&quot;controls&quot;:&quot;yes&quot;}\" data-widget_type=\"video.default\">\n\t\t\t\t<div class=\"elementor-widget-container\">\n\t\t\t\t\t\t\t<div class=\"e-hosted-video elementor-wrapper elementor-open-inline\">\n\t\t\t\t\t<video class=\"elementor-video\" src=\"https:\/\/3ivisiongabon.com\/wp-content\/uploads\/2026\/03\/VID-20260209-WA0009.mp4\" autoplay=\"\" controls=\"\" controlsList=\"nodownload\"><\/video>\n\t\t\t\t<\/div>\n\t\t\t\t\t\t<\/div>\n\t\t\t\t<\/div>\n\t\t\t\t<\/div>\n\t\t\t\t<\/div>\n\t\t<div class=\"elementor-element elementor-element-15096fcf e-flex e-con-boxed e-con e-parent\" data-id=\"15096fcf\" data-element_type=\"container\" data-e-type=\"container\" data-settings=\"{&quot;background_background&quot;:&quot;classic&quot;}\">\n\t\t\t\t\t<div class=\"e-con-inner\">\n\t\t\t\t<div class=\"elementor-element elementor-element-65f74c20 elementor-widget-divider--view-line elementor-widget elementor-widget-divider\" data-id=\"65f74c20\" data-element_type=\"widget\" data-e-type=\"widget\" data-widget_type=\"divider.default\">\n\t\t\t\t<div class=\"elementor-widget-container\">\n\t\t\t\t\t\t\t<div class=\"elementor-divider\">\n\t\t\t<span class=\"elementor-divider-separator\">\n\t\t\t\t\t\t<\/span>\n\t\t<\/div>\n\t\t\t\t\t\t<\/div>\n\t\t\t\t<\/div>\n\t\t\t\t\t<\/div>\n\t\t\t\t<\/div>\n\t\t<div class=\"elementor-element elementor-element-67e4b47 e-con-full e-flex e-con e-parent\" data-id=\"67e4b47\" data-element_type=\"container\" data-e-type=\"container\" data-settings=\"{&quot;background_background&quot;:&quot;classic&quot;}\">\n\t\t<div class=\"elementor-element elementor-element-3f5b325 e-con-full e-flex e-con e-child\" data-id=\"3f5b325\" data-element_type=\"container\" data-e-type=\"container\">\n\t\t\t\t<div class=\"elementor-element elementor-element-7ac8f801 elementor-widget elementor-widget-heading\" data-id=\"7ac8f801\" data-element_type=\"widget\" data-e-type=\"widget\" data-widget_type=\"heading.default\">\n\t\t\t\t<div class=\"elementor-widget-container\">\n\t\t\t\t\t<h2 class=\"elementor-heading-title elementor-size-default\">Installation et configuration professionnelles<\/h2>\t\t\t\t<\/div>\n\t\t\t\t<\/div>\n\t\t\t\t<div class=\"elementor-element elementor-element-4622bf94 animated-slow elementor-invisible elementor-widget elementor-widget-image\" data-id=\"4622bf94\" data-element_type=\"widget\" data-e-type=\"widget\" data-settings=\"{&quot;_animation&quot;:&quot;fadeInLeft&quot;}\" data-widget_type=\"image.default\">\n\t\t\t\t<div class=\"elementor-widget-container\">\n\t\t\t\t\t\t\t\t\t\t\t\t\t\t\t<img decoding=\"async\" width=\"1024\" height=\"541\" src=\"https:\/\/3ivisiongabon.com\/wp-content\/uploads\/2026\/03\/Component-19-7-1024x541.webp\" class=\"attachment-large size-large wp-image-2360\" alt=\"\" srcset=\"https:\/\/3ivisiongabon.com\/wp-content\/uploads\/2026\/03\/Component-19-7-1024x541.webp 1024w, https:\/\/3ivisiongabon.com\/wp-content\/uploads\/2026\/03\/Component-19-7-300x159.webp 300w, https:\/\/3ivisiongabon.com\/wp-content\/uploads\/2026\/03\/Component-19-7-768x406.webp 768w, https:\/\/3ivisiongabon.com\/wp-content\/uploads\/2026\/03\/Component-19-7-600x317.webp 600w, https:\/\/3ivisiongabon.com\/wp-content\/uploads\/2026\/03\/Component-19-7.webp 1347w\" sizes=\"(max-width: 1024px) 100vw, 1024px\" \/>\t\t\t\t\t\t\t\t\t\t\t\t\t\t\t<\/div>\n\t\t\t\t<\/div>\n\t\t\t\t<div class=\"elementor-element elementor-element-b9f55d1 elementor-widget elementor-widget-text-editor\" data-id=\"b9f55d1\" data-element_type=\"widget\" data-e-type=\"widget\" data-widget_type=\"text-editor.default\">\n\t\t\t\t<div class=\"elementor-widget-container\">\n\t\t\t\t\t\t\t\t\t<p data-start=\"1463\" data-end=\"1614\">Chez <strong data-start=\"1468\" data-end=\"1509\"><span class=\"hover:entity-accent entity-underline inline cursor-pointer align-baseline\"><span class=\"whitespace-normal\">3<span style=\"color: red;\">i<\/span>vision<\/span><\/span><\/strong>, nous vous accompagnons dans toutes les \u00e9tapes de la mise en place de votre syst\u00e8me de contr\u00f4le d\u2019acc\u00e8s.<\/p><p data-start=\"1616\" data-end=\"1645\">Nos prestations comprennent :<\/p><ul><li data-start=\"1649\" data-end=\"1683\">\u00c9tude de vos besoins en s\u00e9curit\u00e9<\/li><li data-start=\"1686\" data-end=\"1757\">Installation des lecteurs de badge, claviers ou capteurs biom\u00e9triques<\/li><li data-start=\"1760\" data-end=\"1807\">Configuration du syst\u00e8me de gestion des acc\u00e8s<\/li><li data-start=\"1810\" data-end=\"1865\">Mise en place des autorisations pour les utilisateurs<\/li><li data-start=\"1868\" data-end=\"1905\">Tests et mise en service du syst\u00e8me<\/li><\/ul><p data-start=\"1907\" data-end=\"2014\">Nous veillons \u00e0 mettre en place une solution <strong data-start=\"1952\" data-end=\"2013\">adapt\u00e9e \u00e0 la structure et aux besoins de votre entreprise<\/strong>.<\/p>\t\t\t\t\t\t\t\t<\/div>\n\t\t\t\t<\/div>\n\t\t\t\t<\/div>\n\t\t<div class=\"elementor-element elementor-element-4466fcc6 e-con-full e-flex e-con e-child\" data-id=\"4466fcc6\" data-element_type=\"container\" data-e-type=\"container\" data-settings=\"{&quot;background_background&quot;:&quot;classic&quot;}\">\n\t\t\t\t<div class=\"elementor-element elementor-element-879320 elementor-widget elementor-widget-heading\" data-id=\"879320\" data-element_type=\"widget\" data-e-type=\"widget\" data-widget_type=\"heading.default\">\n\t\t\t\t<div class=\"elementor-widget-container\">\n\t\t\t\t\t<h2 class=\"elementor-heading-title elementor-size-default\">Une solution adapt\u00e9e aux entreprises et organisations<\/h2>\t\t\t\t<\/div>\n\t\t\t\t<\/div>\n\t\t\t\t<div class=\"elementor-element elementor-element-3c5a102c animated-slow elementor-invisible elementor-widget elementor-widget-image\" data-id=\"3c5a102c\" data-element_type=\"widget\" data-e-type=\"widget\" data-settings=\"{&quot;_animation&quot;:&quot;fadeInRight&quot;}\" data-widget_type=\"image.default\">\n\t\t\t\t<div class=\"elementor-widget-container\">\n\t\t\t\t\t\t\t\t\t\t\t\t\t\t\t<img loading=\"lazy\" decoding=\"async\" width=\"1024\" height=\"541\" src=\"https:\/\/3ivisiongabon.com\/wp-content\/uploads\/2026\/03\/Component-19-9-1024x541.webp\" class=\"attachment-large size-large wp-image-2364\" alt=\"\" srcset=\"https:\/\/3ivisiongabon.com\/wp-content\/uploads\/2026\/03\/Component-19-9-1024x541.webp 1024w, https:\/\/3ivisiongabon.com\/wp-content\/uploads\/2026\/03\/Component-19-9-300x159.webp 300w, https:\/\/3ivisiongabon.com\/wp-content\/uploads\/2026\/03\/Component-19-9-768x406.webp 768w, https:\/\/3ivisiongabon.com\/wp-content\/uploads\/2026\/03\/Component-19-9-600x317.webp 600w, https:\/\/3ivisiongabon.com\/wp-content\/uploads\/2026\/03\/Component-19-9.webp 1347w\" sizes=\"(max-width: 1024px) 100vw, 1024px\" \/>\t\t\t\t\t\t\t\t\t\t\t\t\t\t\t<\/div>\n\t\t\t\t<\/div>\n\t\t\t\t<div class=\"elementor-element elementor-element-641533bf elementor-widget elementor-widget-text-editor\" data-id=\"641533bf\" data-element_type=\"widget\" data-e-type=\"widget\" data-widget_type=\"text-editor.default\">\n\t\t\t\t<div class=\"elementor-widget-container\">\n\t\t\t\t\t\t\t\t\t<p data-start=\"2079\" data-end=\"2220\">Les solutions de contr\u00f4le d\u2019acc\u00e8s propos\u00e9es par <strong data-start=\"2127\" data-end=\"2168\"><span class=\"hover:entity-accent entity-underline inline cursor-pointer align-baseline\"><span class=\"whitespace-normal\">3<span style=\"color: red;\">i<\/span>vision<\/span><\/span><\/strong> sont adapt\u00e9es \u00e0 diff\u00e9rents types d\u2019environnements :<\/p><ul><li data-start=\"2224\" data-end=\"2248\">Entreprises et bureaux<\/li><li data-start=\"2251\" data-end=\"2290\">H\u00f4tels et \u00e9tablissements touristiques<\/li><li data-start=\"2293\" data-end=\"2318\">Banques et institutions<\/li><li data-start=\"2321\" data-end=\"2358\">H\u00f4pitaux et \u00e9tablissements de sant\u00e9<\/li><li data-start=\"2361\" data-end=\"2393\">Entrep\u00f4ts et sites industriels<\/li><\/ul><p data-start=\"2395\" data-end=\"2537\">Notre objectif est de vous offrir <strong data-start=\"2429\" data-end=\"2486\">une solution de s\u00e9curit\u00e9 moderne, fiable et \u00e9volutive<\/strong> pour prot\u00e9ger vos installations et vos ressources.<\/p>\t\t\t\t\t\t\t\t<\/div>\n\t\t\t\t<\/div>\n\t\t\t\t<\/div>\n\t\t\t\t<\/div>\n\t\t<div class=\"elementor-element elementor-element-38c6e66e e-con-full e-flex e-con e-parent\" data-id=\"38c6e66e\" data-element_type=\"container\" data-e-type=\"container\" data-settings=\"{&quot;background_background&quot;:&quot;classic&quot;}\">\n\t\t\t\t<div class=\"elementor-element elementor-element-1f12b66b elementor-align-center animated-slow elementor-invisible elementor-widget elementor-widget-button\" data-id=\"1f12b66b\" data-element_type=\"widget\" data-e-type=\"widget\" data-settings=\"{&quot;_animation&quot;:&quot;fadeInUp&quot;}\" data-widget_type=\"button.default\">\n\t\t\t\t<div class=\"elementor-widget-container\">\n\t\t\t\t\t\t\t\t\t<div class=\"elementor-button-wrapper\">\n\t\t\t\t\t<a class=\"elementor-button elementor-button-link elementor-size-sm elementor-animation-pulse\" href=\"https:\/\/3ivisiongabon.com\/?page_id=2831\">\n\t\t\t\t\t\t<span class=\"elementor-button-content-wrapper\">\n\t\t\t\t\t\t\t\t\t<span class=\"elementor-button-text\">\u00c9CRIVEZ-NOUS<\/span>\n\t\t\t\t\t<\/span>\n\t\t\t\t\t<\/a>\n\t\t\t\t<\/div>\n\t\t\t\t\t\t\t\t<\/div>\n\t\t\t\t<\/div>\n\t\t\t\t<\/div>\n\t\t<div class=\"elementor-element elementor-element-c0aea28 e-con-full e-flex e-con e-parent\" data-id=\"c0aea28\" data-element_type=\"container\" data-e-type=\"container\" data-settings=\"{&quot;background_background&quot;:&quot;classic&quot;}\">\n\t\t\t\t<div class=\"elementor-element elementor-element-858273a elementor-widget elementor-widget-image\" data-id=\"858273a\" data-element_type=\"widget\" data-e-type=\"widget\" data-widget_type=\"image.default\">\n\t\t\t\t<div class=\"elementor-widget-container\">\n\t\t\t\t\t\t\t\t\t\t\t\t\t\t\t<img loading=\"lazy\" decoding=\"async\" width=\"1024\" height=\"146\" src=\"https:\/\/3ivisiongabon.com\/wp-content\/uploads\/2026\/03\/20-de-reduction-1-1024x146.png\" class=\"attachment-large size-large wp-image-3248\" alt=\"\" srcset=\"https:\/\/3ivisiongabon.com\/wp-content\/uploads\/2026\/03\/20-de-reduction-1-1024x146.png 1024w, https:\/\/3ivisiongabon.com\/wp-content\/uploads\/2026\/03\/20-de-reduction-1-300x43.png 300w, https:\/\/3ivisiongabon.com\/wp-content\/uploads\/2026\/03\/20-de-reduction-1-768x110.png 768w, https:\/\/3ivisiongabon.com\/wp-content\/uploads\/2026\/03\/20-de-reduction-1-1320x189.png 1320w, https:\/\/3ivisiongabon.com\/wp-content\/uploads\/2026\/03\/20-de-reduction-1-600x86.png 600w, https:\/\/3ivisiongabon.com\/wp-content\/uploads\/2026\/03\/20-de-reduction-1.png 1400w\" sizes=\"(max-width: 1024px) 100vw, 1024px\" \/>\t\t\t\t\t\t\t\t\t\t\t\t\t\t\t<\/div>\n\t\t\t\t<\/div>\n\t\t\t\t<\/div>\n\t\t\t\t<\/div>\n\t\t","protected":false},"excerpt":{"rendered":"<p>Contr\u00f4le d\u2019acc\u00e8s La gestion des acc\u00e8s est un \u00e9l\u00e9ment essentiel pour assurer la s\u00e9curit\u00e9 des entreprises, des institutions et des b\u00e2timents professionnels. Avec les solutions de contr\u00f4le d\u2019acc\u00e8s propos\u00e9es par 3ivision, vous pouvez contr\u00f4ler, s\u00e9curiser et g\u00e9rer efficacement l\u2019entr\u00e9e et la sortie des personnes dans vos locaux. Nos syst\u00e8mes permettent de restreindre l\u2019acc\u00e8s aux zones [&hellip;]<\/p>\n","protected":false},"author":1,"featured_media":0,"parent":0,"menu_order":0,"comment_status":"closed","ping_status":"closed","template":"","meta":{"_monsterinsights_skip_tracking":false,"_monsterinsights_sitenote_active":false,"_monsterinsights_sitenote_note":"","_monsterinsights_sitenote_category":0,"site-sidebar-layout":"no-sidebar","site-content-layout":"page-builder","ast-site-content-layout":"full-width-container","site-content-style":"default","site-sidebar-style":"default","ast-global-header-display":"","ast-banner-title-visibility":"","ast-main-header-display":"","ast-hfb-above-header-display":"","ast-hfb-below-header-display":"","ast-hfb-mobile-header-display":"","site-post-title":"disabled","ast-breadcrumbs-content":"","ast-featured-img":"disabled","footer-sml-layout":"","ast-disable-related-posts":"","theme-transparent-header-meta":"","adv-header-id-meta":"","stick-header-meta":"","header-above-stick-meta":"","header-main-stick-meta":"","header-below-stick-meta":"","astra-migrate-meta-layouts":"default","ast-page-background-enabled":"default","ast-page-background-meta":{"desktop":{"background-color":"","background-image":"","background-repeat":"repeat","background-position":"center center","background-size":"auto","background-attachment":"scroll","background-type":"","background-media":"","overlay-type":"","overlay-color":"","overlay-opacity":"","overlay-gradient":""},"tablet":{"background-color":"","background-image":"","background-repeat":"repeat","background-position":"center center","background-size":"auto","background-attachment":"scroll","background-type":"","background-media":"","overlay-type":"","overlay-color":"","overlay-opacity":"","overlay-gradient":""},"mobile":{"background-color":"","background-image":"","background-repeat":"repeat","background-position":"center center","background-size":"auto","background-attachment":"scroll","background-type":"","background-media":"","overlay-type":"","overlay-color":"","overlay-opacity":"","overlay-gradient":""}},"ast-content-background-meta":{"desktop":{"background-color":"var(--ast-global-color-5)","background-image":"","background-repeat":"repeat","background-position":"center center","background-size":"auto","background-attachment":"scroll","background-type":"","background-media":"","overlay-type":"","overlay-color":"","overlay-opacity":"","overlay-gradient":""},"tablet":{"background-color":"var(--ast-global-color-5)","background-image":"","background-repeat":"repeat","background-position":"center center","background-size":"auto","background-attachment":"scroll","background-type":"","background-media":"","overlay-type":"","overlay-color":"","overlay-opacity":"","overlay-gradient":""},"mobile":{"background-color":"var(--ast-global-color-5)","background-image":"","background-repeat":"repeat","background-position":"center center","background-size":"auto","background-attachment":"scroll","background-type":"","background-media":"","overlay-type":"","overlay-color":"","overlay-opacity":"","overlay-gradient":""}},"footnotes":""},"class_list":["post-2912","page","type-page","status-publish","hentry"],"jetpack_sharing_enabled":true,"_links":{"self":[{"href":"https:\/\/3ivisiongabon.com\/index.php?rest_route=\/wp\/v2\/pages\/2912","targetHints":{"allow":["GET"]}}],"collection":[{"href":"https:\/\/3ivisiongabon.com\/index.php?rest_route=\/wp\/v2\/pages"}],"about":[{"href":"https:\/\/3ivisiongabon.com\/index.php?rest_route=\/wp\/v2\/types\/page"}],"author":[{"embeddable":true,"href":"https:\/\/3ivisiongabon.com\/index.php?rest_route=\/wp\/v2\/users\/1"}],"replies":[{"embeddable":true,"href":"https:\/\/3ivisiongabon.com\/index.php?rest_route=%2Fwp%2Fv2%2Fcomments&post=2912"}],"version-history":[{"count":36,"href":"https:\/\/3ivisiongabon.com\/index.php?rest_route=\/wp\/v2\/pages\/2912\/revisions"}],"predecessor-version":[{"id":3895,"href":"https:\/\/3ivisiongabon.com\/index.php?rest_route=\/wp\/v2\/pages\/2912\/revisions\/3895"}],"wp:attachment":[{"href":"https:\/\/3ivisiongabon.com\/index.php?rest_route=%2Fwp%2Fv2%2Fmedia&parent=2912"}],"curies":[{"name":"wp","href":"https:\/\/api.w.org\/{rel}","templated":true}]}}